{"id":686,"date":"2025-03-07T19:58:41","date_gmt":"2025-03-07T18:58:41","guid":{"rendered":"https:\/\/www.eclidea.fr\/?page_id=686"},"modified":"2025-03-07T23:11:22","modified_gmt":"2025-03-07T22:11:22","slug":"temoignage-quelle-impression-vous-a-laisse-notre-experience-commune","status":"publish","type":"page","link":"https:\/\/www.eclidea.fr\/?page_id=686","title":{"rendered":"T\u00e9moignage"},"content":{"rendered":"\n<p class=\"has-text-align-left\"><strong>Quelle impression vous a laiss\u00e9e notre exp\u00e9rience commune ?<\/strong><\/p>\n\n\n\n<div class=\"wp-block-group alignwide is-style-section-1 is-layout-flow wp-container-core-group-is-layout-a47b5cb7 wp-block-group-is-layout-flow is-style-section-1--1\" style=\"padding-top:var(--wp--preset--spacing--30);padding-right:var(--wp--preset--spacing--40);padding-bottom:var(--wp--preset--spacing--30);padding-left:var(--wp--preset--spacing--40)\">\n<p><strong>Que vous soyez client, partenaire ou b\u00e9n\u00e9ficiaire, laissez nous votre t\u00e9moignage !<\/strong><\/p>\n\n\n<div class=\"strong-view strong-form strong-view-id-3 simple-form wpmtst-simple-form\" data-state=\"idle\"><div class=\"strong-form-wait\" data-formid=\"1\"><div class=\"message\"><img decoding=\"async\" src=\"https:\/\/www.eclidea.fr\/wp-content\/plugins\/strong-testimonials\/assets\/public\/svg\/spinner-solid.svg\" alt=\"Spinner d\u2019envoi de formulaire Strong Testimonials.\"><\/div><\/div><div class=\"wpmtst-form wpmtst-form-id-1\"><div class=\"strong-form-inner\"><p class=\"required-notice\"><span class=\"required symbol\"><\/span>Requis\t\t<\/p><form class=\"wpmtst-submission-form\" method=\"post\" enctype=\"multipart\/form-data\" autocomplete=\"off\" data-config=\"{&quot;scroll&quot;:{&quot;onError&quot;:true,&quot;onErrorOffset&quot;:80,&quot;onSuccess&quot;:true,&quot;onSuccessOffset&quot;:80},&quot;fields&quot;:[{&quot;name&quot;:&quot;client_name&quot;,&quot;type&quot;:&quot;text&quot;,&quot;required&quot;:1},{&quot;name&quot;:&quot;email&quot;,&quot;type&quot;:&quot;email&quot;,&quot;required&quot;:1},{&quot;name&quot;:&quot;post_content&quot;,&quot;type&quot;:&quot;textarea&quot;,&quot;required&quot;:1}]}\" data-formid = \"1\"><div style=\"display: none;\"><input type=\"hidden\" id=\"wpmtst_form_nonce\" name=\"wpmtst_form_nonce\" value=\"68d52c77a6\" \/><input type=\"hidden\" name=\"_wp_http_referer\" value=\"\/index.php?rest_route=%2Fwp%2Fv2%2Fpages%2F686\" \/><input type=\"hidden\" name=\"action\" value=\"wpmtst_form\"><input type=\"hidden\" name=\"form_id\" value=\"1\"><input type=\"hidden\" name=\"default_category\" value=\"5\"><input type=\"hidden\" name=\"view_id\" value=\"3\"><input type=\"hidden\" name=\"category\" value=\"5\"><\/div><div class=\"form-field field-client_name\"><label for=\"wpmtst_client_name\" class=\"field-client_name\">Votre nom<\/label><span class=\"required symbol\"><\/span><input id=\"wpmtst_client_name\" type=\"text\" class=\"text\" name=\"client_name\"  value=\"\" placeholder=\"\"   required tabindex=\"0\"><span class=\"after\">Indiquez votre nom et\/ou votre pr\u00e9nom. Ce sera la signature de votre t\u00e9moignage sur le site web.<\/span><\/div><div class=\"form-field field-email\"><label for=\"wpmtst_email\" class=\"field-email\">Votre email<\/label><span class=\"required symbol\"><\/span><input id=\"wpmtst_email\" type=\"email\" class=\"text email\" name=\"email\"  value=\"\" placeholder=\"\"   required tabindex=\"0\"><span class=\"after\">Votre email reste confidentiel, il n'appara\u00eetra pas avec votre t\u00e9moignage.<\/span><\/div><div class=\"form-field field-post_content\"><label for=\"wpmtst_post_content\" class=\"field-post_content\">Votre t\u00e9moignage<\/label><span class=\"required symbol\"><\/span><textarea id=\"wpmtst_post_content\" name=\"post_content\" class=\"textarea\"  required placeholder=\"\"  tabindex=\"0\"><\/textarea><span class=\"after\"><\/span><\/div><div class=\"form-field wpmtst-submit\"><label><input type=\"submit\" class=\"wpmtst_submit_testimonial\" name=\"wpmtst_submit_testimonial\" value=\"Soumettez votre t\u00e9moignage\" class=\"button\" tabindex=\"0\"><\/label><\/div><\/form><\/div><\/div><\/div><\/div>\n","protected":false},"excerpt":{"rendered":"<p>Quelle impression vous a laiss\u00e9e notre exp\u00e9rience commune ? Que vous soyez client, partenaire ou b\u00e9n\u00e9ficiaire, laissez nous votre t\u00e9moignage !<\/p>\n","protected":false},"author":1,"featured_media":0,"parent":0,"menu_order":0,"comment_status":"closed","ping_status":"closed","template":"","meta":{"footnotes":""},"class_list":["post-686","page","type-page","status-publish","hentry"],"yoast_head":"<!-- This site is optimized with the Yoast SEO plugin v27.4 - https:\/\/yoast.com\/product\/yoast-seo-wordpress\/ -->\n<title>T\u00e9moignage - Eclidea<\/title>\n<meta name=\"description\" content=\"Cette page permet de laisser un t\u00e9moignage qui appara\u00eetra sur le site apr\u00e8s mod\u00e9ration : client, partenaire, b\u00e9n\u00e9ficiaire, \u00e0 vous de jouer !\" \/>\n<meta name=\"robots\" content=\"index, follow, max-snippet:-1, max-image-preview:large, max-video-preview:-1\" \/>\n<link rel=\"canonical\" href=\"https:\/\/www.eclidea.fr\/?page_id=686\" \/>\n<meta property=\"og:locale\" content=\"fr_FR\" \/>\n<meta property=\"og:type\" content=\"article\" \/>\n<meta property=\"og:title\" content=\"T\u00e9moignage - Eclidea\" \/>\n<meta property=\"og:description\" content=\"Cette page permet de laisser un t\u00e9moignage qui appara\u00eetra sur le site apr\u00e8s mod\u00e9ration : client, partenaire, b\u00e9n\u00e9ficiaire, \u00e0 vous de jouer !\" \/>\n<meta property=\"og:url\" content=\"https:\/\/www.eclidea.fr\/?page_id=686\" \/>\n<meta property=\"og:site_name\" content=\"Eclidea\" \/>\n<meta property=\"article:modified_time\" content=\"2025-03-07T22:11:22+00:00\" \/>\n<meta name=\"twitter:card\" content=\"summary_large_image\" \/>\n<meta name=\"twitter:label1\" content=\"Dur\u00e9e de lecture estim\u00e9e\" \/>\n\t<meta name=\"twitter:data1\" content=\"1 minute\" \/>\n<script type=\"application\/ld+json\" class=\"yoast-schema-graph\">{\"@context\":\"https:\\\/\\\/schema.org\",\"@graph\":[{\"@type\":\"WebPage\",\"@id\":\"https:\\\/\\\/www.eclidea.fr\\\/?page_id=686\",\"url\":\"https:\\\/\\\/www.eclidea.fr\\\/?page_id=686\",\"name\":\"T\u00e9moignage - Eclidea\",\"isPartOf\":{\"@id\":\"http:\\\/\\\/www.eclidea.fr\\\/#website\"},\"datePublished\":\"2025-03-07T18:58:41+00:00\",\"dateModified\":\"2025-03-07T22:11:22+00:00\",\"description\":\"Cette page permet de laisser un t\u00e9moignage qui appara\u00eetra sur le site apr\u00e8s mod\u00e9ration : client, partenaire, b\u00e9n\u00e9ficiaire, \u00e0 vous de jouer !\",\"breadcrumb\":{\"@id\":\"https:\\\/\\\/www.eclidea.fr\\\/?page_id=686#breadcrumb\"},\"inLanguage\":\"fr-FR\",\"potentialAction\":[{\"@type\":\"ReadAction\",\"target\":[\"https:\\\/\\\/www.eclidea.fr\\\/?page_id=686\"]}]},{\"@type\":\"BreadcrumbList\",\"@id\":\"https:\\\/\\\/www.eclidea.fr\\\/?page_id=686#breadcrumb\",\"itemListElement\":[{\"@type\":\"ListItem\",\"position\":1,\"name\":\"Home\",\"item\":\"http:\\\/\\\/www.eclidea.fr\\\/\"},{\"@type\":\"ListItem\",\"position\":2,\"name\":\"T\u00e9moignage\"}]},{\"@type\":\"WebSite\",\"@id\":\"http:\\\/\\\/www.eclidea.fr\\\/#website\",\"url\":\"http:\\\/\\\/www.eclidea.fr\\\/\",\"name\":\"Eclidea\",\"description\":\"Pour faire \u00e9clore les id\u00e9es\",\"publisher\":{\"@id\":\"http:\\\/\\\/www.eclidea.fr\\\/#organization\"},\"potentialAction\":[{\"@type\":\"SearchAction\",\"target\":{\"@type\":\"EntryPoint\",\"urlTemplate\":\"http:\\\/\\\/www.eclidea.fr\\\/?s={search_term_string}\"},\"query-input\":{\"@type\":\"PropertyValueSpecification\",\"valueRequired\":true,\"valueName\":\"search_term_string\"}}],\"inLanguage\":\"fr-FR\"},{\"@type\":\"Organization\",\"@id\":\"http:\\\/\\\/www.eclidea.fr\\\/#organization\",\"name\":\"Eclidea\",\"url\":\"http:\\\/\\\/www.eclidea.fr\\\/\",\"logo\":{\"@type\":\"ImageObject\",\"inLanguage\":\"fr-FR\",\"@id\":\"http:\\\/\\\/www.eclidea.fr\\\/#\\\/schema\\\/logo\\\/image\\\/\",\"url\":\"https:\\\/\\\/www.eclidea.fr\\\/wp-content\\\/uploads\\\/2025\\\/02\\\/LogoEclidea-Web.gif\",\"contentUrl\":\"https:\\\/\\\/www.eclidea.fr\\\/wp-content\\\/uploads\\\/2025\\\/02\\\/LogoEclidea-Web.gif\",\"width\":654,\"height\":274,\"caption\":\"Eclidea\"},\"image\":{\"@id\":\"http:\\\/\\\/www.eclidea.fr\\\/#\\\/schema\\\/logo\\\/image\\\/\"}}]}<\/script>\n<!-- \/ Yoast SEO plugin. -->","yoast_head_json":{"title":"T\u00e9moignage - Eclidea","description":"Cette page permet de laisser un t\u00e9moignage qui appara\u00eetra sur le site apr\u00e8s mod\u00e9ration : client, partenaire, b\u00e9n\u00e9ficiaire, \u00e0 vous de jouer !","robots":{"index":"index","follow":"follow","max-snippet":"max-snippet:-1","max-image-preview":"max-image-preview:large","max-video-preview":"max-video-preview:-1"},"canonical":"https:\/\/www.eclidea.fr\/?page_id=686","og_locale":"fr_FR","og_type":"article","og_title":"T\u00e9moignage - Eclidea","og_description":"Cette page permet de laisser un t\u00e9moignage qui appara\u00eetra sur le site apr\u00e8s mod\u00e9ration : client, partenaire, b\u00e9n\u00e9ficiaire, \u00e0 vous de jouer !","og_url":"https:\/\/www.eclidea.fr\/?page_id=686","og_site_name":"Eclidea","article_modified_time":"2025-03-07T22:11:22+00:00","twitter_card":"summary_large_image","twitter_misc":{"Dur\u00e9e de lecture estim\u00e9e":"1 minute"},"schema":{"@context":"https:\/\/schema.org","@graph":[{"@type":"WebPage","@id":"https:\/\/www.eclidea.fr\/?page_id=686","url":"https:\/\/www.eclidea.fr\/?page_id=686","name":"T\u00e9moignage - Eclidea","isPartOf":{"@id":"http:\/\/www.eclidea.fr\/#website"},"datePublished":"2025-03-07T18:58:41+00:00","dateModified":"2025-03-07T22:11:22+00:00","description":"Cette page permet de laisser un t\u00e9moignage qui appara\u00eetra sur le site apr\u00e8s mod\u00e9ration : client, partenaire, b\u00e9n\u00e9ficiaire, \u00e0 vous de jouer !","breadcrumb":{"@id":"https:\/\/www.eclidea.fr\/?page_id=686#breadcrumb"},"inLanguage":"fr-FR","potentialAction":[{"@type":"ReadAction","target":["https:\/\/www.eclidea.fr\/?page_id=686"]}]},{"@type":"BreadcrumbList","@id":"https:\/\/www.eclidea.fr\/?page_id=686#breadcrumb","itemListElement":[{"@type":"ListItem","position":1,"name":"Home","item":"http:\/\/www.eclidea.fr\/"},{"@type":"ListItem","position":2,"name":"T\u00e9moignage"}]},{"@type":"WebSite","@id":"http:\/\/www.eclidea.fr\/#website","url":"http:\/\/www.eclidea.fr\/","name":"Eclidea","description":"Pour faire \u00e9clore les id\u00e9es","publisher":{"@id":"http:\/\/www.eclidea.fr\/#organization"},"potentialAction":[{"@type":"SearchAction","target":{"@type":"EntryPoint","urlTemplate":"http:\/\/www.eclidea.fr\/?s={search_term_string}"},"query-input":{"@type":"PropertyValueSpecification","valueRequired":true,"valueName":"search_term_string"}}],"inLanguage":"fr-FR"},{"@type":"Organization","@id":"http:\/\/www.eclidea.fr\/#organization","name":"Eclidea","url":"http:\/\/www.eclidea.fr\/","logo":{"@type":"ImageObject","inLanguage":"fr-FR","@id":"http:\/\/www.eclidea.fr\/#\/schema\/logo\/image\/","url":"https:\/\/www.eclidea.fr\/wp-content\/uploads\/2025\/02\/LogoEclidea-Web.gif","contentUrl":"https:\/\/www.eclidea.fr\/wp-content\/uploads\/2025\/02\/LogoEclidea-Web.gif","width":654,"height":274,"caption":"Eclidea"},"image":{"@id":"http:\/\/www.eclidea.fr\/#\/schema\/logo\/image\/"}}]}},"_links":{"self":[{"href":"https:\/\/www.eclidea.fr\/index.php?rest_route=\/wp\/v2\/pages\/686","targetHints":{"allow":["GET"]}}],"collection":[{"href":"https:\/\/www.eclidea.fr\/index.php?rest_route=\/wp\/v2\/pages"}],"about":[{"href":"https:\/\/www.eclidea.fr\/index.php?rest_route=\/wp\/v2\/types\/page"}],"author":[{"embeddable":true,"href":"https:\/\/www.eclidea.fr\/index.php?rest_route=\/wp\/v2\/users\/1"}],"replies":[{"embeddable":true,"href":"https:\/\/www.eclidea.fr\/index.php?rest_route=%2Fwp%2Fv2%2Fcomments&post=686"}],"version-history":[{"count":7,"href":"https:\/\/www.eclidea.fr\/index.php?rest_route=\/wp\/v2\/pages\/686\/revisions"}],"predecessor-version":[{"id":796,"href":"https:\/\/www.eclidea.fr\/index.php?rest_route=\/wp\/v2\/pages\/686\/revisions\/796"}],"wp:attachment":[{"href":"https:\/\/www.eclidea.fr\/index.php?rest_route=%2Fwp%2Fv2%2Fmedia&parent=686"}],"curies":[{"name":"wp","href":"https:\/\/api.w.org\/{rel}","templated":true}]}}