{"id":424,"date":"2025-02-12T19:31:22","date_gmt":"2025-02-12T18:31:22","guid":{"rendered":"https:\/\/www.eclidea.fr\/?page_id=424"},"modified":"2025-09-02T10:30:31","modified_gmt":"2025-09-02T09:30:31","slug":"temoignage-merci","status":"publish","type":"page","link":"https:\/\/www.eclidea.fr\/?page_id=424","title":{"rendered":"Merci"},"content":{"rendered":"\n<p>Merci pour votre confiance nouvelle ou renouvel\u00e9e &#8230;<\/p>\n\n\n\n<div class=\"wp-block-group alignwide is-style-default has-base-background-color has-background is-layout-flow wp-container-core-group-is-layout-a47b5cb7 wp-block-group-is-layout-flow\" style=\"padding-top:var(--wp--preset--spacing--30);padding-right:var(--wp--preset--spacing--40);padding-bottom:var(--wp--preset--spacing--30);padding-left:var(--wp--preset--spacing--40)\">\n<h2 class=\"wp-block-heading\" style=\"font-size:clamp(1.696rem, 1.696rem + ((1vw - 0.2rem) * 1.889), 2.9rem);letter-spacing:-0.02em\">Clients, partenaires, b\u00e9n\u00e9ficiaires, ce qu&rsquo;ils \u00e9crivent !<\/h2>\n\n\n<div class=\"strong-view strong-view-id-2 simple wpmtst-simple slider-container carousel slider-mode-horizontal slider-adaptive\" data-count=\"4\" data-slider-var=\"strong_slider_id_2\" data-state=\"idle\"><div class=\"strong-content wpmslider-content\"><div class=\"wpmtst-testimonial testimonial t-slide post-883\"><div class=\"wpmtst-testimonial-inner testimonial-inner\"><div data-infinite-loop=\"true\"  class=\"wpmtst-testimonial-content testimonial-content\"><div class=\"maybe-clear\"><\/div><div class=\"readmore-excerpt animated all-html\"><div style=\"display:inline;\">Vend\u00e9e Eau a contract\u00e9 en 2024 avec Eclidea afin de piloter li\u00e9 contenu technique et scientifique d\u2019un s\u00e9minaire relatif au projet JOURDAIN\u2019 un projet pionnier en France et en Europe de r\u00e9utilisation indirecte des eaux us\u00e9es pour la production d\u2019eau<\/div><div class=\"ellipsis\" style=\"display:inline;\">&hellip; <\/div><\/div><div class=\"readmore-content animated \"  id=\"more-883\" hidden><p>Vend\u00e9e Eau a contract\u00e9 en 2024 avec Eclidea afin de piloter li\u00e9 contenu technique et scientifique d\u2019un s\u00e9minaire relatif au projet JOURDAIN\u2019 un projet pionnier en France et en Europe de r\u00e9utilisation indirecte des eaux us\u00e9es pour la production d\u2019eau potable. Sa pr\u00e9sidente a r\u00e9alis\u00e9 une prestation haut de gamme en utilisant ses comp\u00e9tences techniques d\u2019ing\u00e9nieur et ses grandes qualit\u00e9s d\u2019organisation et relationnelles pour s\u00e9lectionner des intervenants  de qualit\u00e9 et pertinents. Elle a su orchestrer l\u2019organisation du s\u00e9minaire pour le rendre tr\u00e8s int\u00e9ressant et permettre une vraie confrontation des points de vue.<br \/>\nRetour des participants tr\u00e8s positif et surtout grand remerciement de Vend\u00e9e Eau.<\/p><\/div><p><a aria-expanded=\"false\" aria-controls=\"more-883\" role=\"button\" tabindex=\"0\" class=\"readmore readmore-toggle\"><span class=\"readmore-text\" data-more-text=\"Lire +\" data-less-text=\"Lire -\">Lire +<span class=\"screen-reader-text\"> \u00ab\u00a0Vend\u00e9e Eau a contract\u00e9 en\u00a0\u00bb<\/span><\/span><\/a><\/p><\/div><div class=\"wpmtst-testimonial-field testimonial-field testimonial-name\">Denis GUILBERT<\/div><div class=\"clear\"><\/div><\/div><\/div><div class=\"wpmtst-testimonial testimonial t-slide post-869\"><div class=\"wpmtst-testimonial-inner testimonial-inner\"><div data-infinite-loop=\"true\"  class=\"wpmtst-testimonial-content testimonial-content\"><div class=\"maybe-clear\"><\/div><div class=\"readmore-excerpt animated all-html\"><div style=\"display:inline;\">D\u00e9j\u00e0 4 ans que le SEDIF a engag\u00e9 un partenariat avec Eclidea pour l&rsquo;animation de comit\u00e9s de r\u00e9flexion et de retour d&rsquo;exp\u00e9rience sur des projets et sujets de pr\u00e9occupations, notamment les micropolluants. Quatre ann\u00e9es, durant lesquelles, Carine Morin-Batut a fait<\/div><div class=\"ellipsis\" style=\"display:inline;\">&hellip; <\/div><\/div><div class=\"readmore-content animated \"  id=\"more-869\" hidden><p>D\u00e9j\u00e0 4 ans que le SEDIF a engag\u00e9 un partenariat avec Eclidea pour l&rsquo;animation de comit\u00e9s de r\u00e9flexion et de retour d&rsquo;exp\u00e9rience sur des projets et sujets de pr\u00e9occupations, notamment les micropolluants. Quatre ann\u00e9es, durant lesquelles, Carine Morin-Batut a fait la d\u00e9monstration de sa finesse de perception dans les relations interpersonnelles, de son audace intellectuelle, de lucidit\u00e9 et de responsabilit\u00e9 face \u00e0 la complexit\u00e9 des th\u00e9matiques. Aujourd&rsquo;hui, ces comit\u00e9s perdurent et s&rsquo;enrichissent \u00e0 chacune de nos rencontres de nouveaux participants.<\/p><\/div><p><a aria-expanded=\"false\" aria-controls=\"more-869\" role=\"button\" tabindex=\"0\" class=\"readmore readmore-toggle\"><span class=\"readmore-text\" data-more-text=\"Lire +\" data-less-text=\"Lire -\">Lire +<span class=\"screen-reader-text\"> \u00ab\u00a0D\u00e9j\u00e0 4 ans que le\u00a0\u00bb<\/span><\/span><\/a><\/p><\/div><div class=\"wpmtst-testimonial-field testimonial-field testimonial-name\">Arnold Cauterman<\/div><div class=\"clear\"><\/div><\/div><\/div><div class=\"wpmtst-testimonial testimonial t-slide post-870\"><div class=\"wpmtst-testimonial-inner testimonial-inner\"><div data-infinite-loop=\"true\"  class=\"wpmtst-testimonial-content testimonial-content\"><div class=\"maybe-clear\"><\/div><p>Quel plaisir de travailler avec Carine qui sait cr\u00e9er les conditions d&rsquo;une synergie de travail efficiente, dans la simplicit\u00e9 des \u00e9changes et la convivialit\u00e9, le tout avec une capacit\u00e9 de travail impressionnante. Merci !<\/p><\/div><div class=\"wpmtst-testimonial-field testimonial-field testimonial-name\">LASSEAUX J\u00e9r\u00f4me<\/div><div class=\"clear\"><\/div><\/div><\/div><div class=\"wpmtst-testimonial testimonial t-slide post-836\"><div class=\"wpmtst-testimonial-inner testimonial-inner\"><div data-infinite-loop=\"true\"  class=\"wpmtst-testimonial-content testimonial-content\"><div class=\"maybe-clear\"><\/div><div class=\"readmore-excerpt animated all-html\"><div style=\"display:inline;\">En tant que partenaire technologique d&rsquo;Eclidea, je peux t\u00e9moigner de l&rsquo;implication de Carine sur les sujets qu&rsquo;elle traite pour ses clients. Vous ne manquerez pas d&rsquo;\u00eatre surpris et embarqu\u00e9s par ses m\u00e9thodes innovantes pour favoriser l&rsquo;engagement de vos \u00e9quipes vers<\/div><div class=\"ellipsis\" style=\"display:inline;\">&hellip; <\/div><\/div><div class=\"readmore-content animated \"  id=\"more-836\" hidden><p>En tant que partenaire technologique d&rsquo;Eclidea, je peux t\u00e9moigner de l&rsquo;implication de Carine sur les sujets qu&rsquo;elle traite pour ses clients. Vous ne manquerez pas d&rsquo;\u00eatre surpris et embarqu\u00e9s par ses m\u00e9thodes innovantes pour favoriser l&rsquo;engagement de vos \u00e9quipes vers les objectifs que vous vous fixez ensemble.<\/p><\/div><p><a aria-expanded=\"false\" aria-controls=\"more-836\" role=\"button\" tabindex=\"0\" class=\"readmore readmore-toggle\"><span class=\"readmore-text\" data-more-text=\"Lire +\" data-less-text=\"Lire -\">Lire +<span class=\"screen-reader-text\"> \u00ab\u00a0En tant que partenaire technologique\u00a0\u00bb<\/span><\/span><\/a><\/p><\/div><div class=\"wpmtst-testimonial-field testimonial-field testimonial-name\">Emeric B.<\/div><div class=\"clear\"><\/div><\/div><\/div><\/div><\/div>\n\n\n<div style=\"height:15px\" aria-hidden=\"true\" class=\"wp-block-spacer\"><\/div>\n\n\n\n<div class=\"wp-block-buttons has-custom-font-size has-accent-2-background-color has-background has-medium-font-size is-content-justification-center is-layout-flex wp-container-core-buttons-is-layout-a89b3969 wp-block-buttons-is-layout-flex\">\n<div class=\"wp-block-button\"><a class=\"wp-block-button__link wp-element-button\" href=\"https:\/\/www.eclidea.fr\/?page_id=686\" target=\"_blank\" rel=\"noreferrer noopener\">Pour laisser votre t\u00e9moignage, c'est par ici ...<\/a><\/div>\n<\/div>\n<\/div>\n\n\n\n<div class=\"wp-block-group alignwide is-style-section-1 is-layout-flow wp-container-core-group-is-layout-b3b79c71 wp-block-group-is-layout-flow is-style-section-1--1\" style=\"margin-top:0;margin-bottom:0;padding-top:var(--wp--preset--spacing--30);padding-right:var(--wp--preset--spacing--40);padding-bottom:var(--wp--preset--spacing--30);padding-left:var(--wp--preset--spacing--40)\">\n<h2 class=\"wp-block-heading\" style=\"font-size:clamp(1.696rem, 1.696rem + ((1vw - 0.2rem) * 1.889), 2.9rem);letter-spacing:-0.02em\">Ils nous ont fait confiance<\/h2>\n\n\n\n<div style=\"height:15px\" aria-hidden=\"true\" class=\"wp-block-spacer\"><\/div>\n\n\n\n<div class=\"wp-block-group is-layout-grid wp-container-core-group-is-layout-272dbdcf wp-block-group-is-layout-grid\">\n<figure class=\"wp-block-image size-full\"><img loading=\"lazy\" decoding=\"async\" width=\"640\" height=\"640\" src=\"https:\/\/www.eclidea.fr\/wp-content\/uploads\/2025\/02\/LOGO-ARTELIA.png\" alt=\"Merci Artelia\" class=\"wp-image-447\" style=\"aspect-ratio:1;object-fit:cover\"\/><\/figure>\n\n\n\n<figure class=\"wp-block-image size-full\"><img loading=\"lazy\" decoding=\"async\" width=\"640\" height=\"640\" src=\"https:\/\/www.eclidea.fr\/wp-content\/uploads\/2025\/02\/LOGO-BDT.png\" alt=\"Logo Banque des territoires\" class=\"wp-image-448\" style=\"aspect-ratio:1;object-fit:cover\"\/><\/figure>\n\n\n\n<figure class=\"wp-block-image size-full\"><img loading=\"lazy\" decoding=\"async\" width=\"640\" height=\"640\" src=\"https:\/\/www.eclidea.fr\/wp-content\/uploads\/2025\/02\/LOGO-SEDIF.png\" alt=\"Merci Sedif\" class=\"wp-image-452\" style=\"aspect-ratio:1;object-fit:cover\"\/><\/figure>\n\n\n\n<figure class=\"wp-block-image size-full\"><img loading=\"lazy\" decoding=\"async\" width=\"240\" height=\"240\" src=\"http:\/\/www.eclidea.fr\/wp-content\/uploads\/2025\/09\/LogoPFD.png\" alt=\"\" class=\"wp-image-906\" style=\"aspect-ratio:1;object-fit:cover\" srcset=\"https:\/\/www.eclidea.fr\/wp-content\/uploads\/2025\/09\/LogoPFD.png 240w, https:\/\/www.eclidea.fr\/wp-content\/uploads\/2025\/09\/LogoPFD-150x150.png 150w, https:\/\/www.eclidea.fr\/wp-content\/uploads\/2025\/09\/LogoPFD-75x75.png 75w\" sizes=\"auto, (max-width: 240px) 100vw, 240px\" \/><\/figure>\n\n\n\n<figure class=\"wp-block-image size-full\"><img loading=\"lazy\" decoding=\"async\" width=\"640\" height=\"640\" src=\"https:\/\/www.eclidea.fr\/wp-content\/uploads\/2025\/02\/LOGO-VendeeEau.png\" alt=\"Logo Vend\u00e9e Eau\" class=\"wp-image-457\" style=\"aspect-ratio:1;object-fit:cover\"\/><\/figure>\n\n\n\n<figure class=\"wp-block-image size-full\"><img loading=\"lazy\" decoding=\"async\" width=\"240\" height=\"240\" src=\"http:\/\/www.eclidea.fr\/wp-content\/uploads\/2025\/09\/Suez-1.png\" alt=\"\" class=\"wp-image-903\" style=\"aspect-ratio:1;object-fit:cover\" srcset=\"https:\/\/www.eclidea.fr\/wp-content\/uploads\/2025\/09\/Suez-1.png 240w, https:\/\/www.eclidea.fr\/wp-content\/uploads\/2025\/09\/Suez-1-150x150.png 150w, https:\/\/www.eclidea.fr\/wp-content\/uploads\/2025\/09\/Suez-1-75x75.png 75w\" sizes=\"auto, (max-width: 240px) 100vw, 240px\" \/><\/figure>\n\n\n\n<figure class=\"wp-block-image size-full\"><img loading=\"lazy\" decoding=\"async\" width=\"640\" height=\"640\" src=\"https:\/\/www.eclidea.fr\/wp-content\/uploads\/2025\/02\/LOGO-SYCTOM.png\" alt=\"Merci Syctom\" class=\"wp-image-454\" style=\"aspect-ratio:1;object-fit:cover\"\/><\/figure>\n\n\n\n<figure class=\"wp-block-image size-full\"><img loading=\"lazy\" decoding=\"async\" width=\"640\" height=\"640\" src=\"https:\/\/www.eclidea.fr\/wp-content\/uploads\/2025\/02\/LOGO-MinistereDEB.png\" alt=\"Logo minist\u00e8re\" class=\"wp-image-451\" style=\"aspect-ratio:1;object-fit:cover\"\/><\/figure>\n\n\n\n<figure class=\"wp-block-image size-full\"><img loading=\"lazy\" decoding=\"async\" width=\"640\" height=\"640\" src=\"https:\/\/www.eclidea.fr\/wp-content\/uploads\/2025\/02\/LOGO-ERGONE.png\" alt=\"Logo Ergone\" class=\"wp-image-450\" style=\"aspect-ratio:1;object-fit:cover\"\/><\/figure>\n\n\n\n<figure class=\"wp-block-image size-full\"><img loading=\"lazy\" decoding=\"async\" width=\"640\" height=\"640\" src=\"https:\/\/www.eclidea.fr\/wp-content\/uploads\/2025\/02\/LOGO-SETEC.png\" alt=\"Logo Setec\" class=\"wp-image-453\" style=\"aspect-ratio:1;object-fit:cover\"\/><\/figure>\n\n\n\n<figure class=\"wp-block-image size-full\"><img loading=\"lazy\" decoding=\"async\" width=\"640\" height=\"640\" src=\"https:\/\/www.eclidea.fr\/wp-content\/uploads\/2025\/02\/LOGO-EDP.png\" alt=\"Logo Eau de Paris\" class=\"wp-image-449\" style=\"aspect-ratio:1;object-fit:cover\"\/><\/figure>\n\n\n\n<figure class=\"wp-block-image size-full\"><a href=\"https:\/\/www.astee.org\" target=\"_blank\" rel=\" noreferrer noopener\"><img loading=\"lazy\" decoding=\"async\" width=\"640\" height=\"640\" src=\"https:\/\/www.eclidea.fr\/wp-content\/uploads\/2025\/02\/LOGO-ASTEE.png\" alt=\"Merci l'Astee\" class=\"wp-image-446\" style=\"aspect-ratio:1;object-fit:cover\"\/><\/a><\/figure>\n<\/div>\n<\/div>\n\n\n\n<div class=\"wp-block-group alignwide is-style-section-1 has-accent-1-background-color has-background is-layout-flow wp-container-core-group-is-layout-b3b79c71 wp-block-group-is-layout-flow is-style-section-1--2\" style=\"margin-top:0;margin-bottom:0;padding-top:var(--wp--preset--spacing--30);padding-right:var(--wp--preset--spacing--40);padding-bottom:var(--wp--preset--spacing--30);padding-left:var(--wp--preset--spacing--40)\">\n<h2 class=\"wp-block-heading has-text-align-center\" style=\"font-size:clamp(0.875rem, 0.875rem + ((1vw - 0.2rem) * 0.51), 1.2rem);letter-spacing:-0.02em\">Retrouvez l'ensemble de l'offre Eclid\u00e9a <a href=\"https:\/\/www.eclidea.fr\/\">ici !<\/a><\/h2>\n<\/div>\n\n\n\n<div class=\"wp-block-group alignfull is-style-section-5 is-layout-flow wp-block-group-is-layout-flow is-style-section-5--3\" style=\"margin-top:0;margin-bottom:0;padding-top:var(--wp--preset--spacing--50);padding-bottom:var(--wp--preset--spacing--50)\">\n<div class=\"wp-block-columns alignwide is-layout-flex wp-container-core-columns-is-layout-c3de96e0 wp-block-columns-is-layout-flex\" style=\"padding-right:var(--wp--preset--spacing--40);padding-left:var(--wp--preset--spacing--40)\">\n<div class=\"wp-block-column is-vertically-aligned-center is-layout-flow wp-container-core-column-is-layout-bafa4c54 wp-block-column-is-layout-flow\" style=\"padding-right:var(--wp--preset--spacing--50);padding-left:var(--wp--preset--spacing--50);flex-basis:45%\">\n<figure class=\"wp-block-image size-full\"><img loading=\"lazy\" decoding=\"async\" width=\"640\" height=\"640\" src=\"https:\/\/www.eclidea.fr\/wp-content\/uploads\/2025\/02\/cooperation.jpg\" alt=\"Miser sur la coop\u00e9ration et la symbiose comme le poisson clown et l'an\u00e9mone\" class=\"wp-image-589\" style=\"aspect-ratio:4\/3;object-fit:cover\"\/><\/figure>\n<\/div>\n\n\n\n<div class=\"wp-block-column is-vertically-aligned-center is-layout-flow wp-container-core-column-is-layout-bef585f2 wp-block-column-is-layout-flow\" style=\"padding-right:var(--wp--preset--spacing--40);padding-left:var(--wp--preset--spacing--40);flex-basis:55%\">\n<p class=\"is-style-text-subtitle has-accent-1-color has-custom-bleu-background-color has-text-color has-background has-link-color wp-elements-7f88597560e65b865dd8453f97433160 is-style-text-subtitle--4\" style=\"font-size:clamp(0.929rem, 0.929rem + ((1vw - 0.2rem) * 0.739), 1.4rem);\">Miser sur la coop\u00e9ration et la symbiose<\/p>\n\n\n\n<p class=\"is-style-text-display has-contrast-color has-accent-1-background-color has-text-color has-background has-link-color has-medium-font-size wp-elements-bdcde09fd4983e20c3ce87119a655a8f is-style-text-display--5\">Ce sont presque 3,8 milliards d'ann\u00e9es d'\u00e9volution et d'interactions qui nous apprennent que les partenariats mutuellement b\u00e9n\u00e9fiques (ou symbiose) sont \u00e0 l'origine des plus grandes innovations et des strat\u00e9gies de survie efficaces en cas de crise.<\/p>\n\n\n\n<blockquote class=\"wp-block-quote is-layout-flow wp-block-quote-is-layout-flow\">\n<p class=\"has-medium-font-size\">On ne sait dire qui, dans l\u2019\u00e9cosyst\u00e8me Eclid\u00e9a, est poisson clown et qui est an\u00e9mone mais la symbiose est l\u00e0 et les coop\u00e9rations sont durables et profitables \u00e0 tous !<\/p>\n<\/blockquote>\n<\/div>\n<\/div>\n\n\n\n<p style=\"margin-right:var(--wp--preset--spacing--60);margin-left:var(--wp--preset--spacing--60);font-size:0.7rem\"><em><a href=\"https:\/\/www.eclidea.fr\/?page_id=2\" data-type=\"page\" data-id=\"2\" target=\"_blank\" rel=\"noreferrer noopener\">Eclid\u00e9a puise sa robustesse et exprime sa valeur dans les principes du vivant<\/a><\/em><\/p>\n<\/div>\n","protected":false},"excerpt":{"rendered":"<p>Merci pour votre confiance nouvelle ou renouvel\u00e9e &#8230; Clients, partenaires, b\u00e9n\u00e9ficiaires, ce qu&rsquo;ils \u00e9crivent ! Ils nous ont fait confiance Retrouvez l&rsquo;ensemble de l&rsquo;offre Eclid\u00e9a ici ! Miser sur la coop\u00e9ration et la symbiose Ce sont presque 3,8 milliards d&rsquo;ann\u00e9es<a href=\"https:\/\/www.eclidea.fr\/?page_id=424\" class=\"readmore\">Lire +<span class=\"screen-reader-text\"> \u00ab\u00a0Merci\u00a0\u00bb<\/span><\/a><\/p>\n","protected":false},"author":1,"featured_media":0,"parent":0,"menu_order":0,"comment_status":"closed","ping_status":"closed","template":"","meta":{"footnotes":""},"class_list":["post-424","page","type-page","status-publish","hentry"],"yoast_head":"<!-- This site is optimized with the Yoast SEO plugin v27.4 - https:\/\/yoast.com\/product\/yoast-seo-wordpress\/ -->\n<title>Merci - Eclidea<\/title>\n<meta name=\"description\" content=\"Retrouvez ici les organisations qui nous ont fait confiance et les t\u00e9moignages de clients, partenaires ou b\u00e9n\u00e9ficiaires. Merci \u00e0 eux !\" \/>\n<meta name=\"robots\" content=\"index, follow, max-snippet:-1, max-image-preview:large, max-video-preview:-1\" \/>\n<link rel=\"canonical\" href=\"https:\/\/www.eclidea.fr\/?page_id=424\" \/>\n<meta property=\"og:locale\" content=\"fr_FR\" \/>\n<meta property=\"og:type\" content=\"article\" \/>\n<meta property=\"og:title\" content=\"Merci - Eclidea\" \/>\n<meta property=\"og:description\" content=\"Retrouvez ici les organisations qui nous ont fait confiance et les t\u00e9moignages de clients, partenaires ou b\u00e9n\u00e9ficiaires. Merci \u00e0 eux !\" \/>\n<meta property=\"og:url\" content=\"https:\/\/www.eclidea.fr\/?page_id=424\" \/>\n<meta property=\"og:site_name\" content=\"Eclidea\" \/>\n<meta property=\"article:modified_time\" content=\"2025-09-02T09:30:31+00:00\" \/>\n<meta property=\"og:image\" content=\"https:\/\/www.eclidea.fr\/wp-content\/uploads\/2025\/02\/LOGO-ARTELIA.png\" \/>\n<meta name=\"twitter:card\" content=\"summary_large_image\" \/>\n<meta name=\"twitter:label1\" content=\"Dur\u00e9e de lecture estim\u00e9e\" \/>\n\t<meta name=\"twitter:data1\" content=\"4 minutes\" \/>\n<script type=\"application\/ld+json\" class=\"yoast-schema-graph\">{\"@context\":\"https:\\\/\\\/schema.org\",\"@graph\":[{\"@type\":\"WebPage\",\"@id\":\"https:\\\/\\\/www.eclidea.fr\\\/?page_id=424\",\"url\":\"https:\\\/\\\/www.eclidea.fr\\\/?page_id=424\",\"name\":\"Merci - Eclidea\",\"isPartOf\":{\"@id\":\"http:\\\/\\\/www.eclidea.fr\\\/#website\"},\"primaryImageOfPage\":{\"@id\":\"https:\\\/\\\/www.eclidea.fr\\\/?page_id=424#primaryimage\"},\"image\":{\"@id\":\"https:\\\/\\\/www.eclidea.fr\\\/?page_id=424#primaryimage\"},\"thumbnailUrl\":\"https:\\\/\\\/www.eclidea.fr\\\/wp-content\\\/uploads\\\/2025\\\/02\\\/LOGO-ARTELIA.png\",\"datePublished\":\"2025-02-12T18:31:22+00:00\",\"dateModified\":\"2025-09-02T09:30:31+00:00\",\"description\":\"Retrouvez ici les organisations qui nous ont fait confiance et les t\u00e9moignages de clients, partenaires ou b\u00e9n\u00e9ficiaires. Merci \u00e0 eux !\",\"breadcrumb\":{\"@id\":\"https:\\\/\\\/www.eclidea.fr\\\/?page_id=424#breadcrumb\"},\"inLanguage\":\"fr-FR\",\"potentialAction\":[{\"@type\":\"ReadAction\",\"target\":[\"https:\\\/\\\/www.eclidea.fr\\\/?page_id=424\"]}]},{\"@type\":\"ImageObject\",\"inLanguage\":\"fr-FR\",\"@id\":\"https:\\\/\\\/www.eclidea.fr\\\/?page_id=424#primaryimage\",\"url\":\"https:\\\/\\\/www.eclidea.fr\\\/wp-content\\\/uploads\\\/2025\\\/02\\\/LOGO-ARTELIA.png\",\"contentUrl\":\"https:\\\/\\\/www.eclidea.fr\\\/wp-content\\\/uploads\\\/2025\\\/02\\\/LOGO-ARTELIA.png\",\"width\":640,\"height\":640},{\"@type\":\"BreadcrumbList\",\"@id\":\"https:\\\/\\\/www.eclidea.fr\\\/?page_id=424#breadcrumb\",\"itemListElement\":[{\"@type\":\"ListItem\",\"position\":1,\"name\":\"Home\",\"item\":\"http:\\\/\\\/www.eclidea.fr\\\/\"},{\"@type\":\"ListItem\",\"position\":2,\"name\":\"Merci\"}]},{\"@type\":\"WebSite\",\"@id\":\"http:\\\/\\\/www.eclidea.fr\\\/#website\",\"url\":\"http:\\\/\\\/www.eclidea.fr\\\/\",\"name\":\"Eclidea\",\"description\":\"Pour faire \u00e9clore les id\u00e9es\",\"publisher\":{\"@id\":\"http:\\\/\\\/www.eclidea.fr\\\/#organization\"},\"potentialAction\":[{\"@type\":\"SearchAction\",\"target\":{\"@type\":\"EntryPoint\",\"urlTemplate\":\"http:\\\/\\\/www.eclidea.fr\\\/?s={search_term_string}\"},\"query-input\":{\"@type\":\"PropertyValueSpecification\",\"valueRequired\":true,\"valueName\":\"search_term_string\"}}],\"inLanguage\":\"fr-FR\"},{\"@type\":\"Organization\",\"@id\":\"http:\\\/\\\/www.eclidea.fr\\\/#organization\",\"name\":\"Eclidea\",\"url\":\"http:\\\/\\\/www.eclidea.fr\\\/\",\"logo\":{\"@type\":\"ImageObject\",\"inLanguage\":\"fr-FR\",\"@id\":\"http:\\\/\\\/www.eclidea.fr\\\/#\\\/schema\\\/logo\\\/image\\\/\",\"url\":\"https:\\\/\\\/www.eclidea.fr\\\/wp-content\\\/uploads\\\/2025\\\/02\\\/LogoEclidea-Web.gif\",\"contentUrl\":\"https:\\\/\\\/www.eclidea.fr\\\/wp-content\\\/uploads\\\/2025\\\/02\\\/LogoEclidea-Web.gif\",\"width\":654,\"height\":274,\"caption\":\"Eclidea\"},\"image\":{\"@id\":\"http:\\\/\\\/www.eclidea.fr\\\/#\\\/schema\\\/logo\\\/image\\\/\"}}]}<\/script>\n<!-- \/ Yoast SEO plugin. -->","yoast_head_json":{"title":"Merci - Eclidea","description":"Retrouvez ici les organisations qui nous ont fait confiance et les t\u00e9moignages de clients, partenaires ou b\u00e9n\u00e9ficiaires. Merci \u00e0 eux !","robots":{"index":"index","follow":"follow","max-snippet":"max-snippet:-1","max-image-preview":"max-image-preview:large","max-video-preview":"max-video-preview:-1"},"canonical":"https:\/\/www.eclidea.fr\/?page_id=424","og_locale":"fr_FR","og_type":"article","og_title":"Merci - Eclidea","og_description":"Retrouvez ici les organisations qui nous ont fait confiance et les t\u00e9moignages de clients, partenaires ou b\u00e9n\u00e9ficiaires. Merci \u00e0 eux !","og_url":"https:\/\/www.eclidea.fr\/?page_id=424","og_site_name":"Eclidea","article_modified_time":"2025-09-02T09:30:31+00:00","og_image":[{"url":"https:\/\/www.eclidea.fr\/wp-content\/uploads\/2025\/02\/LOGO-ARTELIA.png","type":"","width":"","height":""}],"twitter_card":"summary_large_image","twitter_misc":{"Dur\u00e9e de lecture estim\u00e9e":"4 minutes"},"schema":{"@context":"https:\/\/schema.org","@graph":[{"@type":"WebPage","@id":"https:\/\/www.eclidea.fr\/?page_id=424","url":"https:\/\/www.eclidea.fr\/?page_id=424","name":"Merci - Eclidea","isPartOf":{"@id":"http:\/\/www.eclidea.fr\/#website"},"primaryImageOfPage":{"@id":"https:\/\/www.eclidea.fr\/?page_id=424#primaryimage"},"image":{"@id":"https:\/\/www.eclidea.fr\/?page_id=424#primaryimage"},"thumbnailUrl":"https:\/\/www.eclidea.fr\/wp-content\/uploads\/2025\/02\/LOGO-ARTELIA.png","datePublished":"2025-02-12T18:31:22+00:00","dateModified":"2025-09-02T09:30:31+00:00","description":"Retrouvez ici les organisations qui nous ont fait confiance et les t\u00e9moignages de clients, partenaires ou b\u00e9n\u00e9ficiaires. Merci \u00e0 eux !","breadcrumb":{"@id":"https:\/\/www.eclidea.fr\/?page_id=424#breadcrumb"},"inLanguage":"fr-FR","potentialAction":[{"@type":"ReadAction","target":["https:\/\/www.eclidea.fr\/?page_id=424"]}]},{"@type":"ImageObject","inLanguage":"fr-FR","@id":"https:\/\/www.eclidea.fr\/?page_id=424#primaryimage","url":"https:\/\/www.eclidea.fr\/wp-content\/uploads\/2025\/02\/LOGO-ARTELIA.png","contentUrl":"https:\/\/www.eclidea.fr\/wp-content\/uploads\/2025\/02\/LOGO-ARTELIA.png","width":640,"height":640},{"@type":"BreadcrumbList","@id":"https:\/\/www.eclidea.fr\/?page_id=424#breadcrumb","itemListElement":[{"@type":"ListItem","position":1,"name":"Home","item":"http:\/\/www.eclidea.fr\/"},{"@type":"ListItem","position":2,"name":"Merci"}]},{"@type":"WebSite","@id":"http:\/\/www.eclidea.fr\/#website","url":"http:\/\/www.eclidea.fr\/","name":"Eclidea","description":"Pour faire \u00e9clore les id\u00e9es","publisher":{"@id":"http:\/\/www.eclidea.fr\/#organization"},"potentialAction":[{"@type":"SearchAction","target":{"@type":"EntryPoint","urlTemplate":"http:\/\/www.eclidea.fr\/?s={search_term_string}"},"query-input":{"@type":"PropertyValueSpecification","valueRequired":true,"valueName":"search_term_string"}}],"inLanguage":"fr-FR"},{"@type":"Organization","@id":"http:\/\/www.eclidea.fr\/#organization","name":"Eclidea","url":"http:\/\/www.eclidea.fr\/","logo":{"@type":"ImageObject","inLanguage":"fr-FR","@id":"http:\/\/www.eclidea.fr\/#\/schema\/logo\/image\/","url":"https:\/\/www.eclidea.fr\/wp-content\/uploads\/2025\/02\/LogoEclidea-Web.gif","contentUrl":"https:\/\/www.eclidea.fr\/wp-content\/uploads\/2025\/02\/LogoEclidea-Web.gif","width":654,"height":274,"caption":"Eclidea"},"image":{"@id":"http:\/\/www.eclidea.fr\/#\/schema\/logo\/image\/"}}]}},"_links":{"self":[{"href":"https:\/\/www.eclidea.fr\/index.php?rest_route=\/wp\/v2\/pages\/424","targetHints":{"allow":["GET"]}}],"collection":[{"href":"https:\/\/www.eclidea.fr\/index.php?rest_route=\/wp\/v2\/pages"}],"about":[{"href":"https:\/\/www.eclidea.fr\/index.php?rest_route=\/wp\/v2\/types\/page"}],"author":[{"embeddable":true,"href":"https:\/\/www.eclidea.fr\/index.php?rest_route=\/wp\/v2\/users\/1"}],"replies":[{"embeddable":true,"href":"https:\/\/www.eclidea.fr\/index.php?rest_route=%2Fwp%2Fv2%2Fcomments&post=424"}],"version-history":[{"count":51,"href":"https:\/\/www.eclidea.fr\/index.php?rest_route=\/wp\/v2\/pages\/424\/revisions"}],"predecessor-version":[{"id":908,"href":"https:\/\/www.eclidea.fr\/index.php?rest_route=\/wp\/v2\/pages\/424\/revisions\/908"}],"wp:attachment":[{"href":"https:\/\/www.eclidea.fr\/index.php?rest_route=%2Fwp%2Fv2%2Fmedia&parent=424"}],"curies":[{"name":"wp","href":"https:\/\/api.w.org\/{rel}","templated":true}]}}