{"id":350,"date":"2025-02-09T19:10:49","date_gmt":"2025-02-09T18:10:49","guid":{"rendered":"https:\/\/www.eclidea.fr\/?page_id=350"},"modified":"2025-03-12T16:09:01","modified_gmt":"2025-03-12T15:09:01","slug":"eclidea","status":"publish","type":"page","link":"https:\/\/www.eclidea.fr\/","title":{"rendered":"Faire \u00e9clore les id\u00e9es"},"content":{"rendered":"\n<div class=\"wp-block-group alignwide is-style-section-1 has-accent-5-background-color has-background has-global-padding is-layout-constrained wp-block-group-is-layout-constrained is-style-section-1--1\" style=\"padding-top:var(--wp--preset--spacing--20);padding-bottom:var(--wp--preset--spacing--20)\">\n<div class=\"wp-block-columns alignwide has-accent-5-background-color has-background is-layout-flex wp-container-core-columns-is-layout-ec2e7a44 wp-block-columns-is-layout-flex\" style=\"padding-top:0;padding-bottom:0\">\n<div class=\"wp-block-column is-vertically-aligned-center has-base-background-color has-background is-layout-flow wp-container-core-column-is-layout-683044e4 wp-block-column-is-layout-flow\" style=\"padding-top:var(--wp--preset--spacing--20);padding-right:var(--wp--preset--spacing--20);padding-bottom:var(--wp--preset--spacing--20);padding-left:var(--wp--preset--spacing--20)\">\n<figure class=\"wp-block-image size-full\"><img loading=\"lazy\" decoding=\"async\" width=\"640\" height=\"640\" src=\"https:\/\/www.eclidea.fr\/wp-content\/uploads\/2025\/02\/intelcoll.jpg\" alt=\"Faire \u00e9clore les id\u00e9es et transformer avec l'intelligence collective\" class=\"wp-image-594\" style=\"aspect-ratio:1;object-fit:cover\"\/><\/figure>\n\n\n\n<p class=\"has-text-align-center has-contrast-color has-text-color has-link-color has-medium-font-size wp-elements-41ab408f7d232d080117f4d802a203a4\"><strong>Transformer avec l&rsquo;intelligence collective<\/strong><\/p>\n\n\n\n<div style=\"height:19px\" aria-hidden=\"true\" class=\"wp-block-spacer\"><\/div>\n<\/div>\n\n\n\n<div class=\"wp-block-column is-vertically-aligned-center has-base-background-color has-background is-layout-flow wp-container-core-column-is-layout-683044e4 wp-block-column-is-layout-flow\" style=\"padding-top:var(--wp--preset--spacing--20);padding-right:var(--wp--preset--spacing--20);padding-bottom:var(--wp--preset--spacing--20);padding-left:var(--wp--preset--spacing--20)\">\n<figure class=\"wp-block-image size-full\"><img loading=\"lazy\" decoding=\"async\" width=\"640\" height=\"640\" src=\"https:\/\/www.eclidea.fr\/wp-content\/uploads\/2025\/02\/collaborer.jpg\" alt=\"Faire \u00e9clore les id\u00e9es et renforcer la collaboration\" class=\"wp-image-587\" style=\"aspect-ratio:1;object-fit:cover\"\/><\/figure>\n\n\n\n<p class=\"has-text-align-center has-contrast-color has-text-color has-link-color has-medium-font-size wp-elements-6f5c77e96cc1f2522af0c4952184cd4d\"><strong>Renforcer la collaboration<\/strong><\/p>\n\n\n\n<div style=\"height:19px\" aria-hidden=\"true\" class=\"wp-block-spacer\"><\/div>\n<\/div>\n\n\n\n<div class=\"wp-block-column is-vertically-aligned-center has-base-background-color has-background is-layout-flow wp-container-core-column-is-layout-683044e4 wp-block-column-is-layout-flow\" style=\"padding-top:var(--wp--preset--spacing--20);padding-right:var(--wp--preset--spacing--20);padding-bottom:var(--wp--preset--spacing--20);padding-left:var(--wp--preset--spacing--20)\">\n<figure class=\"wp-block-image size-full\"><img loading=\"lazy\" decoding=\"async\" width=\"640\" height=\"640\" src=\"https:\/\/www.eclidea.fr\/wp-content\/uploads\/2025\/02\/Manager.jpg\" alt=\"Faire \u00e9clore les id\u00e9es et devenir manager, puis parfaire sa posture\" class=\"wp-image-634\" style=\"aspect-ratio:1;object-fit:cover\"\/><\/figure>\n\n\n\n<p class=\"has-text-align-center has-contrast-color has-text-color has-link-color has-medium-font-size wp-elements-3f8f46912081bc4f074c54f4f1dd736e\"><strong>Devenir manager<\/strong><br><strong>Parfaire sa posture<\/strong><\/p>\n\n\n\n<div style=\"height:19px\" aria-hidden=\"true\" class=\"wp-block-spacer\"><\/div>\n<\/div>\n\n\n\n<div class=\"wp-block-column is-vertically-aligned-center is-style-section-1 is-layout-flow wp-block-column-is-layout-flow is-style-section-1--2\" style=\"flex-basis:20%\">\n<blockquote class=\"wp-block-quote is-layout-flow wp-block-quote-is-layout-flow\">\n<p class=\"has-large-font-size\"><strong>Transformer<\/strong><\/p>\n\n\n\n<p>Secteurs : ing\u00e9nierie, association, collectivit\u00e9, &#8230;<\/p>\n<\/blockquote>\n\n\n\n<div class=\"wp-block-buttons has-custom-font-size has-small-font-size is-content-justification-center is-layout-flex wp-container-core-buttons-is-layout-a89b3969 wp-block-buttons-is-layout-flex\">\n<div class=\"wp-block-button has-custom-font-size is-style-fill has-medium-font-size\"><a class=\"wp-block-button__link wp-element-button\" href=\"https:\/\/www.eclidea.fr\/?page_id=537\" target=\"_blank\" rel=\"noreferrer noopener\">R\u00e9f\u00e9rences  ici !<\/a><\/div>\n<\/div>\n<\/div>\n<\/div>\n<\/div>\n\n\n\n<div class=\"wp-block-group alignwide is-style-section-3 has-accent-2-background-color has-background is-content-justification-center is-layout-flex wp-container-core-group-is-layout-7b6959e1 wp-block-group-is-layout-flex is-style-section-3--3\" style=\"margin-top:0;margin-bottom:0;padding-top:var(--wp--preset--spacing--20);padding-right:var(--wp--preset--spacing--30);padding-bottom:var(--wp--preset--spacing--20);padding-left:var(--wp--preset--spacing--30)\">\n<p class=\"has-text-align-left has-accent-1-color has-accent-2-background-color has-text-color has-background has-link-color has-large-font-size wp-elements-4d40bd82f3d4a24fda2d810feb4aa3c7\"><strong>Mise en relation<\/strong><br><strong>Int\u00e9r\u00eat g\u00e9n\u00e9ral<\/strong><\/p>\n\n\n\n<p class=\"has-text-align-center has-contrast-color has-text-color has-link-color has-medium-font-size wp-elements-8505e46e923995db0c96f6bdcd2a2bcb\">D\u00e8s que l&rsquo;occasion se pr\u00e9sente :<br>&#8211; cr\u00e9er des mises en relation,<br>&#8211; sensibiliser y compris les plus jeunes,<br>&#8211; vulgariser la connaissance scientifique pour mettre chacun en mouvement<\/p>\n<\/div>\n\n\n\n<div class=\"wp-block-group alignwide is-style-section-1 has-base-background-color has-background has-global-padding is-layout-constrained wp-container-core-group-is-layout-94d50f4b wp-block-group-is-layout-constrained is-style-section-1--4\" style=\"margin-top:0;margin-bottom:0;padding-right:var(--wp--preset--spacing--20);padding-bottom:var(--wp--preset--spacing--40);padding-left:0\">\n<div class=\"wp-block-columns alignwide is-layout-flex wp-container-core-columns-is-layout-27f3bb36 wp-block-columns-is-layout-flex\" style=\"margin-bottom:0;padding-right:0;padding-left:0\">\n<div class=\"wp-block-column is-vertically-aligned-top is-layout-flow wp-block-column-is-layout-flow\" style=\"flex-basis:25%\">\n<blockquote class=\"wp-block-quote is-layout-flow wp-block-quote-is-layout-flow\">\n<div class=\"wp-block-group is-vertical is-layout-flex wp-container-core-group-is-layout-4b827052 wp-block-group-is-layout-flex\">\n<p class=\"has-large-font-size\"><strong>Vulgariser &#8211; Diffuser &#8211; Partager<\/strong><\/p>\n\n\n\n<p class=\"has-medium-font-size\"><em>Eau &amp; D\u00e9chets<\/em><\/p>\n\n\n\n<p class=\"has-small-font-size\">Micropolluants, Eau sans chlore, Eaux non conventionnelles, M\u00e9thanisation, Valorisation du CO<sub>2<\/sub> &#8230;<\/p>\n<\/div>\n\n\n\n<p class=\"has-medium-font-size\"><em>Rapport au Vivant<\/em><\/p>\n\n\n\n<p class=\"has-medium-font-size\"><em>R\u00e9silience<\/em><\/p>\n<\/blockquote>\n\n\n\n<div class=\"wp-block-buttons has-custom-font-size has-small-font-size is-content-justification-center is-layout-flex wp-container-core-buttons-is-layout-a89b3969 wp-block-buttons-is-layout-flex\">\n<div class=\"wp-block-button has-custom-font-size is-style-fill has-medium-font-size\"><a class=\"wp-block-button__link wp-element-button\" href=\"https:\/\/www.eclidea.fr\/?page_id=526\" target=\"_blank\" rel=\"noreferrer noopener\">R\u00e9f\u00e9rences ici !<\/a><\/div>\n<\/div>\n<\/div>\n\n\n\n<div class=\"wp-block-column is-vertically-aligned-center has-accent-5-background-color has-background is-layout-flow wp-container-core-column-is-layout-683044e4 wp-block-column-is-layout-flow\" style=\"padding-top:var(--wp--preset--spacing--20);padding-right:var(--wp--preset--spacing--20);padding-bottom:var(--wp--preset--spacing--20);padding-left:var(--wp--preset--spacing--20);flex-basis:18%\">\n<figure class=\"wp-block-image size-full\"><img loading=\"lazy\" decoding=\"async\" width=\"640\" height=\"640\" src=\"https:\/\/www.eclidea.fr\/wp-content\/uploads\/2025\/02\/livres.jpg\" alt=\"Faire \u00e9clore les id\u00e9es : par la vulgarisation dans des livres et des livrets\" class=\"wp-image-595\" style=\"aspect-ratio:1;object-fit:cover\"\/><\/figure>\n\n\n\n<p class=\"has-text-align-center has-contrast-color has-text-color has-link-color has-medium-font-size wp-elements-a28a979964a4d5bad7c3d3d084231ed8\"><strong>Livre &amp; Livret<\/strong><\/p>\n\n\n\n<p class=\"has-text-align-center has-accent-4-color has-text-color has-link-color has-small-font-size wp-elements-b1bf9e22f285a6e381913b5a51a72b41\">Innovation &#8211; R&amp;D<\/p>\n\n\n\n<div style=\"height:19px\" aria-hidden=\"true\" class=\"wp-block-spacer\"><\/div>\n<\/div>\n\n\n\n<div class=\"wp-block-column is-vertically-aligned-center has-accent-5-background-color has-background is-layout-flow wp-container-core-column-is-layout-683044e4 wp-block-column-is-layout-flow\" style=\"padding-top:var(--wp--preset--spacing--20);padding-right:var(--wp--preset--spacing--20);padding-bottom:var(--wp--preset--spacing--20);padding-left:var(--wp--preset--spacing--20);flex-basis:18%\">\n<figure class=\"wp-block-image size-full\"><img loading=\"lazy\" decoding=\"async\" width=\"640\" height=\"640\" src=\"https:\/\/www.eclidea.fr\/wp-content\/uploads\/2025\/02\/Evenement.jpg\" alt=\"Faire \u00e9clore les id\u00e9es : par la vulgarisation lors d'\u00e9v\u00e9nement technique\" class=\"wp-image-591\" style=\"aspect-ratio:1;object-fit:cover\"\/><\/figure>\n\n\n\n<p class=\"has-text-align-center has-contrast-color has-text-color has-link-color has-medium-font-size wp-elements-12ad59751207ea5625ac0f472abb64b1\"><strong>Ev\u00e8nement technique<\/strong><\/p>\n\n\n\n<p class=\"has-text-align-center has-accent-4-color has-text-color has-link-color has-small-font-size wp-elements-836a81d0a0fb78c6db2d1892746cf9ad\"><\/p>\n\n\n\n<div style=\"height:19px\" aria-hidden=\"true\" class=\"wp-block-spacer\"><\/div>\n<\/div>\n\n\n\n<div class=\"wp-block-column is-vertically-aligned-center has-accent-5-background-color has-background is-layout-flow wp-container-core-column-is-layout-683044e4 wp-block-column-is-layout-flow\" style=\"padding-top:var(--wp--preset--spacing--20);padding-right:var(--wp--preset--spacing--20);padding-bottom:var(--wp--preset--spacing--20);padding-left:var(--wp--preset--spacing--20);flex-basis:18%\">\n<figure class=\"wp-block-image size-full\"><img loading=\"lazy\" decoding=\"async\" width=\"640\" height=\"640\" src=\"https:\/\/www.eclidea.fr\/wp-content\/uploads\/2025\/02\/Groupedetravail.jpg\" alt=\"Faire \u00e9clore les id\u00e9es : par l'\u00e9change au sein de groupe de travail\" class=\"wp-image-593\" style=\"aspect-ratio:1;object-fit:cover\"\/><\/figure>\n\n\n\n<p class=\"has-text-align-center has-contrast-color has-text-color has-link-color has-medium-font-size wp-elements-acec264d8ed910d6b5d40301c862875b\"><strong>Groupe de travail<\/strong><\/p>\n\n\n\n<p class=\"has-text-align-center has-accent-4-color has-text-color has-link-color has-small-font-size wp-elements-836a81d0a0fb78c6db2d1892746cf9ad\"><\/p>\n\n\n\n<div style=\"height:19px\" aria-hidden=\"true\" class=\"wp-block-spacer\"><\/div>\n<\/div>\n<\/div>\n<\/div>\n\n\n\n<div class=\"wp-block-group alignfull is-style-section-5 is-layout-flow wp-block-group-is-layout-flow is-style-section-5--5\" style=\"margin-top:0;margin-bottom:0;padding-top:var(--wp--preset--spacing--50);padding-bottom:var(--wp--preset--spacing--50)\">\n<div class=\"wp-block-columns alignwide is-layout-flex wp-container-core-columns-is-layout-c3de96e0 wp-block-columns-is-layout-flex\" style=\"padding-right:var(--wp--preset--spacing--40);padding-left:var(--wp--preset--spacing--40)\">\n<div class=\"wp-block-column is-vertically-aligned-center is-layout-flow wp-container-core-column-is-layout-bafa4c54 wp-block-column-is-layout-flow\" style=\"padding-right:var(--wp--preset--spacing--50);padding-left:var(--wp--preset--spacing--50);flex-basis:45%\">\n<figure class=\"wp-block-image size-full\"><img loading=\"lazy\" decoding=\"async\" width=\"640\" height=\"640\" src=\"https:\/\/www.eclidea.fr\/wp-content\/uploads\/2025\/02\/Agile.jpg\" alt=\"\" class=\"wp-image-586\" style=\"aspect-ratio:4\/3;object-fit:cover\"\/><\/figure>\n<\/div>\n\n\n\n<div class=\"wp-block-column is-vertically-aligned-center is-layout-flow wp-container-core-column-is-layout-bef585f2 wp-block-column-is-layout-flow\" style=\"padding-right:var(--wp--preset--spacing--40);padding-left:var(--wp--preset--spacing--40);flex-basis:55%\">\n<p class=\"is-style-text-subtitle has-accent-1-color has-custom-bleu-background-color has-text-color has-background has-link-color wp-elements-72a71622504b44769fca1358ae65f749 is-style-text-subtitle--6\" style=\"font-size:clamp(0.929rem, 0.929rem + ((1vw - 0.2rem) * 0.739), 1.4rem);\">\u00catre tr\u00e8s efficace ou \u00eatre agile<\/p>\n\n\n\n<p class=\"is-style-text-display has-contrast-color has-accent-1-background-color has-text-color has-background has-link-color has-medium-font-size wp-elements-5fb83a5a2073c1aa6b45474c1fedfc4b is-style-text-display--7\">Le rendement d&rsquo;une feuille est plus faible (1 \u00e0 2%) que celui de panneau solaire (20%). En revanche, les feuilles des plantes fonctionnent dans des conditions plus vari\u00e9es et rendent \u00e9galement d&rsquo;autres services (capture du carbone, d\u00e9toxification, &#8230;) sans compter qu&rsquo;elles sont recyclables !<\/p>\n\n\n\n<blockquote class=\"wp-block-quote is-layout-flow wp-block-quote-is-layout-flow\">\n<p class=\"has-medium-font-size\">Eclid\u00e9a a choisi d&rsquo;\u00eatre feuille !<br>L&rsquo;agilit\u00e9 et le rythme lent au service de l&rsquo;intelligence collective, de la cr\u00e9ativit\u00e9 et des transformations.  <\/p>\n<\/blockquote>\n<\/div>\n<\/div>\n\n\n\n<p style=\"margin-right:var(--wp--preset--spacing--60);margin-left:var(--wp--preset--spacing--60);font-size:0.7rem\"><em><a href=\"https:\/\/www.eclidea.fr\/?page_id=2\" data-type=\"page\" data-id=\"2\" target=\"_blank\" rel=\"noreferrer noopener\">Eclid\u00e9a puise sa robustesse et exprime sa valeur dans les principes du vivant<\/a><\/em><\/p>\n<\/div>\n","protected":false},"excerpt":{"rendered":"<p>Transformer avec l&rsquo;intelligence collective Renforcer la collaboration Devenir managerParfaire sa posture Transformer Secteurs : ing\u00e9nierie, association, collectivit\u00e9, &#8230; Mise en relationInt\u00e9r\u00eat g\u00e9n\u00e9ral D\u00e8s que l&rsquo;occasion se pr\u00e9sente :&#8211; cr\u00e9er des mises en relation,&#8211; sensibiliser y compris les plus jeunes,&#8211; vulgariser la connaissance scientifique pour mettre chacun en mouvement Vulgariser &#8211; Diffuser &#8211; Partager Eau &amp; [&hellip;]<\/p>\n","protected":false},"author":1,"featured_media":87,"parent":0,"menu_order":0,"comment_status":"closed","ping_status":"closed","template":"","meta":{"footnotes":""},"class_list":["post-350","page","type-page","status-publish","has-post-thumbnail","hentry"],"yoast_head":"<!-- This site is optimized with the Yoast SEO plugin v27.4 - https:\/\/yoast.com\/product\/yoast-seo-wordpress\/ -->\n<title>Faire \u00e9clore les id\u00e9es - Eclidea<\/title>\n<meta name=\"description\" content=\"Pour faire \u00e9clore les id\u00e9es : transformer par l&#039;intelligence collective, renforcer la collaboration, accompagner les managers...\" \/>\n<meta name=\"robots\" content=\"index, follow, max-snippet:-1, max-image-preview:large, max-video-preview:-1\" \/>\n<link rel=\"canonical\" href=\"http:\/\/www.eclidea.fr\/\" \/>\n<meta property=\"og:locale\" content=\"fr_FR\" \/>\n<meta property=\"og:type\" content=\"article\" \/>\n<meta property=\"og:title\" content=\"Faire \u00e9clore les id\u00e9es - Eclidea\" \/>\n<meta property=\"og:description\" content=\"Pour faire \u00e9clore les id\u00e9es : transformer par l&#039;intelligence collective, renforcer la collaboration, accompagner les managers...\" \/>\n<meta property=\"og:url\" content=\"http:\/\/www.eclidea.fr\/\" \/>\n<meta property=\"og:site_name\" content=\"Eclidea\" \/>\n<meta property=\"article:modified_time\" content=\"2025-03-12T15:09:01+00:00\" \/>\n<meta property=\"og:image\" content=\"http:\/\/www.eclidea.fr\/wp-content\/uploads\/2025\/02\/LogoEclidea-Web.gif\" \/>\n\t<meta property=\"og:image:width\" content=\"654\" \/>\n\t<meta property=\"og:image:height\" content=\"274\" \/>\n\t<meta property=\"og:image:type\" content=\"image\/gif\" \/>\n<meta name=\"twitter:card\" content=\"summary_large_image\" \/>\n<meta name=\"twitter:label1\" content=\"Dur\u00e9e de lecture estim\u00e9e\" \/>\n\t<meta name=\"twitter:data1\" content=\"3 minutes\" \/>\n<script type=\"application\/ld+json\" class=\"yoast-schema-graph\">{\"@context\":\"https:\\\/\\\/schema.org\",\"@graph\":[{\"@type\":\"WebPage\",\"@id\":\"http:\\\/\\\/www.eclidea.fr\\\/\",\"url\":\"http:\\\/\\\/www.eclidea.fr\\\/\",\"name\":\"Faire \u00e9clore les id\u00e9es - Eclidea\",\"isPartOf\":{\"@id\":\"http:\\\/\\\/www.eclidea.fr\\\/#website\"},\"primaryImageOfPage\":{\"@id\":\"http:\\\/\\\/www.eclidea.fr\\\/#primaryimage\"},\"image\":{\"@id\":\"http:\\\/\\\/www.eclidea.fr\\\/#primaryimage\"},\"thumbnailUrl\":\"https:\\\/\\\/www.eclidea.fr\\\/wp-content\\\/uploads\\\/2025\\\/02\\\/LogoEclidea-Web.gif\",\"datePublished\":\"2025-02-09T18:10:49+00:00\",\"dateModified\":\"2025-03-12T15:09:01+00:00\",\"description\":\"Pour faire \u00e9clore les id\u00e9es : transformer par l'intelligence collective, renforcer la collaboration, accompagner les managers...\",\"breadcrumb\":{\"@id\":\"http:\\\/\\\/www.eclidea.fr\\\/#breadcrumb\"},\"inLanguage\":\"fr-FR\",\"potentialAction\":[{\"@type\":\"ReadAction\",\"target\":[\"http:\\\/\\\/www.eclidea.fr\\\/\"]}]},{\"@type\":\"ImageObject\",\"inLanguage\":\"fr-FR\",\"@id\":\"http:\\\/\\\/www.eclidea.fr\\\/#primaryimage\",\"url\":\"https:\\\/\\\/www.eclidea.fr\\\/wp-content\\\/uploads\\\/2025\\\/02\\\/LogoEclidea-Web.gif\",\"contentUrl\":\"https:\\\/\\\/www.eclidea.fr\\\/wp-content\\\/uploads\\\/2025\\\/02\\\/LogoEclidea-Web.gif\",\"width\":654,\"height\":274},{\"@type\":\"BreadcrumbList\",\"@id\":\"http:\\\/\\\/www.eclidea.fr\\\/#breadcrumb\",\"itemListElement\":[{\"@type\":\"ListItem\",\"position\":1,\"name\":\"Home\",\"item\":\"http:\\\/\\\/www.eclidea.fr\\\/\"},{\"@type\":\"ListItem\",\"position\":2,\"name\":\"Faire \u00e9clore les id\u00e9es\"}]},{\"@type\":\"WebSite\",\"@id\":\"http:\\\/\\\/www.eclidea.fr\\\/#website\",\"url\":\"http:\\\/\\\/www.eclidea.fr\\\/\",\"name\":\"Eclidea\",\"description\":\"Pour faire \u00e9clore les id\u00e9es\",\"publisher\":{\"@id\":\"http:\\\/\\\/www.eclidea.fr\\\/#organization\"},\"potentialAction\":[{\"@type\":\"SearchAction\",\"target\":{\"@type\":\"EntryPoint\",\"urlTemplate\":\"http:\\\/\\\/www.eclidea.fr\\\/?s={search_term_string}\"},\"query-input\":{\"@type\":\"PropertyValueSpecification\",\"valueRequired\":true,\"valueName\":\"search_term_string\"}}],\"inLanguage\":\"fr-FR\"},{\"@type\":\"Organization\",\"@id\":\"http:\\\/\\\/www.eclidea.fr\\\/#organization\",\"name\":\"Eclidea\",\"url\":\"http:\\\/\\\/www.eclidea.fr\\\/\",\"logo\":{\"@type\":\"ImageObject\",\"inLanguage\":\"fr-FR\",\"@id\":\"http:\\\/\\\/www.eclidea.fr\\\/#\\\/schema\\\/logo\\\/image\\\/\",\"url\":\"https:\\\/\\\/www.eclidea.fr\\\/wp-content\\\/uploads\\\/2025\\\/02\\\/LogoEclidea-Web.gif\",\"contentUrl\":\"https:\\\/\\\/www.eclidea.fr\\\/wp-content\\\/uploads\\\/2025\\\/02\\\/LogoEclidea-Web.gif\",\"width\":654,\"height\":274,\"caption\":\"Eclidea\"},\"image\":{\"@id\":\"http:\\\/\\\/www.eclidea.fr\\\/#\\\/schema\\\/logo\\\/image\\\/\"}}]}<\/script>\n<!-- \/ Yoast SEO plugin. -->","yoast_head_json":{"title":"Faire \u00e9clore les id\u00e9es - Eclidea","description":"Pour faire \u00e9clore les id\u00e9es : transformer par l'intelligence collective, renforcer la collaboration, accompagner les managers...","robots":{"index":"index","follow":"follow","max-snippet":"max-snippet:-1","max-image-preview":"max-image-preview:large","max-video-preview":"max-video-preview:-1"},"canonical":"http:\/\/www.eclidea.fr\/","og_locale":"fr_FR","og_type":"article","og_title":"Faire \u00e9clore les id\u00e9es - Eclidea","og_description":"Pour faire \u00e9clore les id\u00e9es : transformer par l'intelligence collective, renforcer la collaboration, accompagner les managers...","og_url":"http:\/\/www.eclidea.fr\/","og_site_name":"Eclidea","article_modified_time":"2025-03-12T15:09:01+00:00","og_image":[{"width":654,"height":274,"url":"http:\/\/www.eclidea.fr\/wp-content\/uploads\/2025\/02\/LogoEclidea-Web.gif","type":"image\/gif"}],"twitter_card":"summary_large_image","twitter_misc":{"Dur\u00e9e de lecture estim\u00e9e":"3 minutes"},"schema":{"@context":"https:\/\/schema.org","@graph":[{"@type":"WebPage","@id":"http:\/\/www.eclidea.fr\/","url":"http:\/\/www.eclidea.fr\/","name":"Faire \u00e9clore les id\u00e9es - Eclidea","isPartOf":{"@id":"http:\/\/www.eclidea.fr\/#website"},"primaryImageOfPage":{"@id":"http:\/\/www.eclidea.fr\/#primaryimage"},"image":{"@id":"http:\/\/www.eclidea.fr\/#primaryimage"},"thumbnailUrl":"https:\/\/www.eclidea.fr\/wp-content\/uploads\/2025\/02\/LogoEclidea-Web.gif","datePublished":"2025-02-09T18:10:49+00:00","dateModified":"2025-03-12T15:09:01+00:00","description":"Pour faire \u00e9clore les id\u00e9es : transformer par l'intelligence collective, renforcer la collaboration, accompagner les managers...","breadcrumb":{"@id":"http:\/\/www.eclidea.fr\/#breadcrumb"},"inLanguage":"fr-FR","potentialAction":[{"@type":"ReadAction","target":["http:\/\/www.eclidea.fr\/"]}]},{"@type":"ImageObject","inLanguage":"fr-FR","@id":"http:\/\/www.eclidea.fr\/#primaryimage","url":"https:\/\/www.eclidea.fr\/wp-content\/uploads\/2025\/02\/LogoEclidea-Web.gif","contentUrl":"https:\/\/www.eclidea.fr\/wp-content\/uploads\/2025\/02\/LogoEclidea-Web.gif","width":654,"height":274},{"@type":"BreadcrumbList","@id":"http:\/\/www.eclidea.fr\/#breadcrumb","itemListElement":[{"@type":"ListItem","position":1,"name":"Home","item":"http:\/\/www.eclidea.fr\/"},{"@type":"ListItem","position":2,"name":"Faire \u00e9clore les id\u00e9es"}]},{"@type":"WebSite","@id":"http:\/\/www.eclidea.fr\/#website","url":"http:\/\/www.eclidea.fr\/","name":"Eclidea","description":"Pour faire \u00e9clore les id\u00e9es","publisher":{"@id":"http:\/\/www.eclidea.fr\/#organization"},"potentialAction":[{"@type":"SearchAction","target":{"@type":"EntryPoint","urlTemplate":"http:\/\/www.eclidea.fr\/?s={search_term_string}"},"query-input":{"@type":"PropertyValueSpecification","valueRequired":true,"valueName":"search_term_string"}}],"inLanguage":"fr-FR"},{"@type":"Organization","@id":"http:\/\/www.eclidea.fr\/#organization","name":"Eclidea","url":"http:\/\/www.eclidea.fr\/","logo":{"@type":"ImageObject","inLanguage":"fr-FR","@id":"http:\/\/www.eclidea.fr\/#\/schema\/logo\/image\/","url":"https:\/\/www.eclidea.fr\/wp-content\/uploads\/2025\/02\/LogoEclidea-Web.gif","contentUrl":"https:\/\/www.eclidea.fr\/wp-content\/uploads\/2025\/02\/LogoEclidea-Web.gif","width":654,"height":274,"caption":"Eclidea"},"image":{"@id":"http:\/\/www.eclidea.fr\/#\/schema\/logo\/image\/"}}]}},"_links":{"self":[{"href":"https:\/\/www.eclidea.fr\/index.php?rest_route=\/wp\/v2\/pages\/350","targetHints":{"allow":["GET"]}}],"collection":[{"href":"https:\/\/www.eclidea.fr\/index.php?rest_route=\/wp\/v2\/pages"}],"about":[{"href":"https:\/\/www.eclidea.fr\/index.php?rest_route=\/wp\/v2\/types\/page"}],"author":[{"embeddable":true,"href":"https:\/\/www.eclidea.fr\/index.php?rest_route=\/wp\/v2\/users\/1"}],"replies":[{"embeddable":true,"href":"https:\/\/www.eclidea.fr\/index.php?rest_route=%2Fwp%2Fv2%2Fcomments&post=350"}],"version-history":[{"count":61,"href":"https:\/\/www.eclidea.fr\/index.php?rest_route=\/wp\/v2\/pages\/350\/revisions"}],"predecessor-version":[{"id":868,"href":"https:\/\/www.eclidea.fr\/index.php?rest_route=\/wp\/v2\/pages\/350\/revisions\/868"}],"wp:featuredmedia":[{"embeddable":true,"href":"https:\/\/www.eclidea.fr\/index.php?rest_route=\/wp\/v2\/media\/87"}],"wp:attachment":[{"href":"https:\/\/www.eclidea.fr\/index.php?rest_route=%2Fwp%2Fv2%2Fmedia&parent=350"}],"curies":[{"name":"wp","href":"https:\/\/api.w.org\/{rel}","templated":true}]}}