{"id":278,"date":"2025-02-06T20:08:05","date_gmt":"2025-02-06T19:08:05","guid":{"rendered":"https:\/\/www.eclidea.fr\/?page_id=278"},"modified":"2025-03-07T22:06:16","modified_gmt":"2025-03-07T21:06:16","slug":"contactez-moi","status":"publish","type":"page","link":"https:\/\/www.eclidea.fr\/?page_id=278","title":{"rendered":"Contactez moi !"},"content":{"rendered":"\n<div class=\"wp-block-group alignfull has-global-padding is-layout-constrained wp-block-group-is-layout-constrained\" style=\"margin-top:0;margin-bottom:0;padding-top:var(--wp--preset--spacing--50);padding-bottom:var(--wp--preset--spacing--50)\">\n<p><strong>Contactez moi par mail ou sur les r\u00e9seaux sociaux<\/strong><\/p>\n\n\n\n<div class=\"wp-block-group alignwide has-global-padding is-layout-constrained wp-block-group-is-layout-constrained\">\n<div class=\"wp-block-columns is-layout-flex wp-container-core-columns-is-layout-28f84493 wp-block-columns-is-layout-flex\">\n<div class=\"wp-block-column is-layout-flow wp-block-column-is-layout-flow\">\n<h3 class=\"wp-block-heading has-medium-font-size\" style=\"font-style:normal;font-weight:700\">Email <\/h3>\n\n\n\n<ul class=\"wp-block-social-links is-layout-flex wp-block-social-links-is-layout-flex\"><li class=\"wp-social-link wp-social-link-mail  wp-block-social-link\"><a href=\"mailto:carine.morin-batut@eclidea.fr\" class=\"wp-block-social-link-anchor\"><svg width=\"24\" height=\"24\" viewBox=\"0 0 24 24\" version=\"1.1\" xmlns=\"http:\/\/www.w3.org\/2000\/svg\" aria-hidden=\"true\" focusable=\"false\"><path d=\"M19,5H5c-1.1,0-2,.9-2,2v10c0,1.1.9,2,2,2h14c1.1,0,2-.9,2-2V7c0-1.1-.9-2-2-2zm.5,12c0,.3-.2.5-.5.5H5c-.3,0-.5-.2-.5-.5V9.8l7.5,5.6,7.5-5.6V17zm0-9.1L12,13.6,4.5,7.9V7c0-.3.2-.5.5-.5h14c.3,0,.5.2.5.5v.9z\"><\/path><\/svg><span class=\"wp-block-social-link-label screen-reader-text\">E-mail<\/span><\/a><\/li><\/ul>\n<\/div>\n\n\n\n<div class=\"wp-block-column is-layout-flow wp-block-column-is-layout-flow\">\n<h3 class=\"wp-block-heading has-medium-font-size\" style=\"font-style:normal;font-weight:700\">R\u00e9seaux sociaux<\/h3>\n\n\n\n<ul class=\"wp-block-social-links is-layout-flex wp-block-social-links-is-layout-flex\"><li class=\"wp-social-link wp-social-link-linkedin  wp-block-social-link\"><a href=\"https:\/\/www.linkedin.com\/in\/carine-morin-batut-1414788b\/\" class=\"wp-block-social-link-anchor\"><svg width=\"24\" height=\"24\" viewBox=\"0 0 24 24\" version=\"1.1\" xmlns=\"http:\/\/www.w3.org\/2000\/svg\" aria-hidden=\"true\" focusable=\"false\"><path d=\"M19.7,3H4.3C3.582,3,3,3.582,3,4.3v15.4C3,20.418,3.582,21,4.3,21h15.4c0.718,0,1.3-0.582,1.3-1.3V4.3 C21,3.582,20.418,3,19.7,3z M8.339,18.338H5.667v-8.59h2.672V18.338z M7.004,8.574c-0.857,0-1.549-0.694-1.549-1.548 c0-0.855,0.691-1.548,1.549-1.548c0.854,0,1.547,0.694,1.547,1.548C8.551,7.881,7.858,8.574,7.004,8.574z M18.339,18.338h-2.669 v-4.177c0-0.996-0.017-2.278-1.387-2.278c-1.389,0-1.601,1.086-1.601,2.206v4.249h-2.667v-8.59h2.559v1.174h0.037 c0.356-0.675,1.227-1.387,2.526-1.387c2.703,0,3.203,1.779,3.203,4.092V18.338z\"><\/path><\/svg><span class=\"wp-block-social-link-label screen-reader-text\">LinkedIn<\/span><\/a><\/li><\/ul>\n<\/div>\n<\/div>\n\n\n\n<figure class=\"wp-block-image size-full\"><img loading=\"lazy\" decoding=\"async\" width=\"1920\" height=\"1080\" src=\"https:\/\/www.eclidea.fr\/wp-content\/uploads\/2025\/02\/Contact.jpg\" alt=\"Contactez-moi\" class=\"wp-image-588\"\/><\/figure>\n<\/div>\n\n\n\n<div class=\"wp-block-group alignfull is-style-section-5 is-layout-flow wp-block-group-is-layout-flow is-style-section-5--1\" style=\"margin-top:0;margin-bottom:0;padding-top:var(--wp--preset--spacing--50);padding-bottom:var(--wp--preset--spacing--50)\">\n<div class=\"wp-block-columns alignwide is-layout-flex wp-container-core-columns-is-layout-c3de96e0 wp-block-columns-is-layout-flex\" style=\"padding-right:var(--wp--preset--spacing--40);padding-left:var(--wp--preset--spacing--40)\">\n<div class=\"wp-block-column is-vertically-aligned-center is-layout-flow wp-container-core-column-is-layout-bafa4c54 wp-block-column-is-layout-flow\" style=\"padding-right:var(--wp--preset--spacing--50);padding-left:var(--wp--preset--spacing--50);flex-basis:45%\">\n<figure class=\"wp-block-image size-full\"><img loading=\"lazy\" decoding=\"async\" width=\"640\" height=\"640\" src=\"https:\/\/www.eclidea.fr\/wp-content\/uploads\/2025\/02\/Murmuration.jpg\" alt=\"Se synchroniser, comme les \u00e9tourneaux d'une murmuration\" class=\"wp-image-597\" style=\"aspect-ratio:4\/3;object-fit:cover\"\/><\/figure>\n<\/div>\n\n\n\n<div class=\"wp-block-column is-vertically-aligned-center is-layout-flow wp-container-core-column-is-layout-bef585f2 wp-block-column-is-layout-flow\" style=\"padding-right:var(--wp--preset--spacing--40);padding-left:var(--wp--preset--spacing--40);flex-basis:55%\">\n<p class=\"is-style-text-subtitle has-accent-1-color has-custom-bleu-background-color has-text-color has-background has-link-color wp-elements-8c15ee2fe25122952414fb6d4fbb2809 is-style-text-subtitle--2\" style=\"font-size:clamp(0.929rem, 0.929rem + ((1vw - 0.2rem) * 0.739), 1.4rem);\">Se synchroniser<\/p>\n\n\n\n<p class=\"is-style-text-display has-contrast-color has-accent-1-background-color has-text-color has-background has-link-color has-medium-font-size wp-elements-2a29010bd661510f607b2c39b25eb2d3 is-style-text-display--3\">Capacit\u00e9 fascinante que l\u2019on retrouve \u00e0 toutes les \u00e9chelles du vivant : pour se nourrir, se reproduire, \u00e9conomiser de l\u2019\u00e9nergie ou encore augmenter les chances de survie.<\/p>\n\n\n\n<blockquote class=\"wp-block-quote is-layout-flow wp-block-quote-is-layout-flow\">\n<p class=\"has-medium-font-size\">Se synchroniser, c&rsquo;est aussi nous permettre, ensemble, de changer de direction. Oui, Eclid\u00e9a veut faire partie de la murmuration vers une soci\u00e9t\u00e9 soutenable, saine et agr\u00e9able.<\/p>\n<\/blockquote>\n<\/div>\n<\/div>\n\n\n\n<p style=\"margin-right:var(--wp--preset--spacing--60);margin-left:var(--wp--preset--spacing--60);font-size:0.7rem\"><em><a href=\"https:\/\/www.eclidea.fr\/?page_id=2\" data-type=\"page\" data-id=\"2\" target=\"_blank\" rel=\"noreferrer noopener\">Eclid\u00e9a puise sa robustesse et exprime sa valeur dans les principes du vivant<\/a><\/em><\/p>\n<\/div>\n<\/div>\n","protected":false},"excerpt":{"rendered":"<p>Contactez moi par mail ou sur les r\u00e9seaux sociaux Email R\u00e9seaux sociaux Se synchroniser Capacit\u00e9 fascinante que l\u2019on retrouve \u00e0 toutes les \u00e9chelles du vivant : pour se nourrir, se reproduire, \u00e9conomiser de l\u2019\u00e9nergie ou encore augmenter les chances de survie. Se synchroniser, c&rsquo;est aussi nous permettre, ensemble, de changer de direction. Oui, Eclid\u00e9a veut [&hellip;]<\/p>\n","protected":false},"author":1,"featured_media":0,"parent":0,"menu_order":0,"comment_status":"closed","ping_status":"closed","template":"","meta":{"footnotes":""},"class_list":["post-278","page","type-page","status-publish","hentry"],"yoast_head":"<!-- This site is optimized with the Yoast SEO plugin v27.4 - https:\/\/yoast.com\/product\/yoast-seo-wordpress\/ -->\n<title>Contactez moi ! - Eclidea<\/title>\n<meta name=\"description\" content=\"Contactez moi : \u00e0 partir de cette page, vous pouvez me contacter par mail ou via les r\u00e9seaux sociaux. N&#039;h\u00e9sitez pas ...\" \/>\n<meta name=\"robots\" content=\"index, follow, max-snippet:-1, max-image-preview:large, max-video-preview:-1\" \/>\n<link rel=\"canonical\" href=\"https:\/\/www.eclidea.fr\/?page_id=278\" \/>\n<meta property=\"og:locale\" content=\"fr_FR\" \/>\n<meta property=\"og:type\" content=\"article\" \/>\n<meta property=\"og:title\" content=\"Contactez moi ! - Eclidea\" \/>\n<meta property=\"og:description\" content=\"Contactez moi : \u00e0 partir de cette page, vous pouvez me contacter par mail ou via les r\u00e9seaux sociaux. N&#039;h\u00e9sitez pas ...\" \/>\n<meta property=\"og:url\" content=\"https:\/\/www.eclidea.fr\/?page_id=278\" \/>\n<meta property=\"og:site_name\" content=\"Eclidea\" \/>\n<meta property=\"article:modified_time\" content=\"2025-03-07T21:06:16+00:00\" \/>\n<meta property=\"og:image\" content=\"https:\/\/www.eclidea.fr\/wp-content\/uploads\/2025\/02\/Contact.jpg\" \/>\n<meta name=\"twitter:card\" content=\"summary_large_image\" \/>\n<meta name=\"twitter:label1\" content=\"Dur\u00e9e de lecture estim\u00e9e\" \/>\n\t<meta name=\"twitter:data1\" content=\"1 minute\" \/>\n<script type=\"application\/ld+json\" class=\"yoast-schema-graph\">{\"@context\":\"https:\\\/\\\/schema.org\",\"@graph\":[{\"@type\":\"WebPage\",\"@id\":\"https:\\\/\\\/www.eclidea.fr\\\/?page_id=278\",\"url\":\"https:\\\/\\\/www.eclidea.fr\\\/?page_id=278\",\"name\":\"Contactez moi ! - Eclidea\",\"isPartOf\":{\"@id\":\"http:\\\/\\\/www.eclidea.fr\\\/#website\"},\"primaryImageOfPage\":{\"@id\":\"https:\\\/\\\/www.eclidea.fr\\\/?page_id=278#primaryimage\"},\"image\":{\"@id\":\"https:\\\/\\\/www.eclidea.fr\\\/?page_id=278#primaryimage\"},\"thumbnailUrl\":\"https:\\\/\\\/www.eclidea.fr\\\/wp-content\\\/uploads\\\/2025\\\/02\\\/Contact.jpg\",\"datePublished\":\"2025-02-06T19:08:05+00:00\",\"dateModified\":\"2025-03-07T21:06:16+00:00\",\"description\":\"Contactez moi : \u00e0 partir de cette page, vous pouvez me contacter par mail ou via les r\u00e9seaux sociaux. N'h\u00e9sitez pas ...\",\"breadcrumb\":{\"@id\":\"https:\\\/\\\/www.eclidea.fr\\\/?page_id=278#breadcrumb\"},\"inLanguage\":\"fr-FR\",\"potentialAction\":[{\"@type\":\"ReadAction\",\"target\":[\"https:\\\/\\\/www.eclidea.fr\\\/?page_id=278\"]}]},{\"@type\":\"ImageObject\",\"inLanguage\":\"fr-FR\",\"@id\":\"https:\\\/\\\/www.eclidea.fr\\\/?page_id=278#primaryimage\",\"url\":\"https:\\\/\\\/www.eclidea.fr\\\/wp-content\\\/uploads\\\/2025\\\/02\\\/Contact.jpg\",\"contentUrl\":\"https:\\\/\\\/www.eclidea.fr\\\/wp-content\\\/uploads\\\/2025\\\/02\\\/Contact.jpg\",\"width\":1920,\"height\":1080},{\"@type\":\"BreadcrumbList\",\"@id\":\"https:\\\/\\\/www.eclidea.fr\\\/?page_id=278#breadcrumb\",\"itemListElement\":[{\"@type\":\"ListItem\",\"position\":1,\"name\":\"Home\",\"item\":\"http:\\\/\\\/www.eclidea.fr\\\/\"},{\"@type\":\"ListItem\",\"position\":2,\"name\":\"Contactez moi !\"}]},{\"@type\":\"WebSite\",\"@id\":\"http:\\\/\\\/www.eclidea.fr\\\/#website\",\"url\":\"http:\\\/\\\/www.eclidea.fr\\\/\",\"name\":\"Eclidea\",\"description\":\"Pour faire \u00e9clore les id\u00e9es\",\"publisher\":{\"@id\":\"http:\\\/\\\/www.eclidea.fr\\\/#organization\"},\"potentialAction\":[{\"@type\":\"SearchAction\",\"target\":{\"@type\":\"EntryPoint\",\"urlTemplate\":\"http:\\\/\\\/www.eclidea.fr\\\/?s={search_term_string}\"},\"query-input\":{\"@type\":\"PropertyValueSpecification\",\"valueRequired\":true,\"valueName\":\"search_term_string\"}}],\"inLanguage\":\"fr-FR\"},{\"@type\":\"Organization\",\"@id\":\"http:\\\/\\\/www.eclidea.fr\\\/#organization\",\"name\":\"Eclidea\",\"url\":\"http:\\\/\\\/www.eclidea.fr\\\/\",\"logo\":{\"@type\":\"ImageObject\",\"inLanguage\":\"fr-FR\",\"@id\":\"http:\\\/\\\/www.eclidea.fr\\\/#\\\/schema\\\/logo\\\/image\\\/\",\"url\":\"https:\\\/\\\/www.eclidea.fr\\\/wp-content\\\/uploads\\\/2025\\\/02\\\/LogoEclidea-Web.gif\",\"contentUrl\":\"https:\\\/\\\/www.eclidea.fr\\\/wp-content\\\/uploads\\\/2025\\\/02\\\/LogoEclidea-Web.gif\",\"width\":654,\"height\":274,\"caption\":\"Eclidea\"},\"image\":{\"@id\":\"http:\\\/\\\/www.eclidea.fr\\\/#\\\/schema\\\/logo\\\/image\\\/\"}}]}<\/script>\n<!-- \/ Yoast SEO plugin. -->","yoast_head_json":{"title":"Contactez moi ! - Eclidea","description":"Contactez moi : \u00e0 partir de cette page, vous pouvez me contacter par mail ou via les r\u00e9seaux sociaux. N'h\u00e9sitez pas ...","robots":{"index":"index","follow":"follow","max-snippet":"max-snippet:-1","max-image-preview":"max-image-preview:large","max-video-preview":"max-video-preview:-1"},"canonical":"https:\/\/www.eclidea.fr\/?page_id=278","og_locale":"fr_FR","og_type":"article","og_title":"Contactez moi ! - Eclidea","og_description":"Contactez moi : \u00e0 partir de cette page, vous pouvez me contacter par mail ou via les r\u00e9seaux sociaux. N'h\u00e9sitez pas ...","og_url":"https:\/\/www.eclidea.fr\/?page_id=278","og_site_name":"Eclidea","article_modified_time":"2025-03-07T21:06:16+00:00","og_image":[{"url":"https:\/\/www.eclidea.fr\/wp-content\/uploads\/2025\/02\/Contact.jpg","type":"","width":"","height":""}],"twitter_card":"summary_large_image","twitter_misc":{"Dur\u00e9e de lecture estim\u00e9e":"1 minute"},"schema":{"@context":"https:\/\/schema.org","@graph":[{"@type":"WebPage","@id":"https:\/\/www.eclidea.fr\/?page_id=278","url":"https:\/\/www.eclidea.fr\/?page_id=278","name":"Contactez moi ! - Eclidea","isPartOf":{"@id":"http:\/\/www.eclidea.fr\/#website"},"primaryImageOfPage":{"@id":"https:\/\/www.eclidea.fr\/?page_id=278#primaryimage"},"image":{"@id":"https:\/\/www.eclidea.fr\/?page_id=278#primaryimage"},"thumbnailUrl":"https:\/\/www.eclidea.fr\/wp-content\/uploads\/2025\/02\/Contact.jpg","datePublished":"2025-02-06T19:08:05+00:00","dateModified":"2025-03-07T21:06:16+00:00","description":"Contactez moi : \u00e0 partir de cette page, vous pouvez me contacter par mail ou via les r\u00e9seaux sociaux. N'h\u00e9sitez pas ...","breadcrumb":{"@id":"https:\/\/www.eclidea.fr\/?page_id=278#breadcrumb"},"inLanguage":"fr-FR","potentialAction":[{"@type":"ReadAction","target":["https:\/\/www.eclidea.fr\/?page_id=278"]}]},{"@type":"ImageObject","inLanguage":"fr-FR","@id":"https:\/\/www.eclidea.fr\/?page_id=278#primaryimage","url":"https:\/\/www.eclidea.fr\/wp-content\/uploads\/2025\/02\/Contact.jpg","contentUrl":"https:\/\/www.eclidea.fr\/wp-content\/uploads\/2025\/02\/Contact.jpg","width":1920,"height":1080},{"@type":"BreadcrumbList","@id":"https:\/\/www.eclidea.fr\/?page_id=278#breadcrumb","itemListElement":[{"@type":"ListItem","position":1,"name":"Home","item":"http:\/\/www.eclidea.fr\/"},{"@type":"ListItem","position":2,"name":"Contactez moi !"}]},{"@type":"WebSite","@id":"http:\/\/www.eclidea.fr\/#website","url":"http:\/\/www.eclidea.fr\/","name":"Eclidea","description":"Pour faire \u00e9clore les id\u00e9es","publisher":{"@id":"http:\/\/www.eclidea.fr\/#organization"},"potentialAction":[{"@type":"SearchAction","target":{"@type":"EntryPoint","urlTemplate":"http:\/\/www.eclidea.fr\/?s={search_term_string}"},"query-input":{"@type":"PropertyValueSpecification","valueRequired":true,"valueName":"search_term_string"}}],"inLanguage":"fr-FR"},{"@type":"Organization","@id":"http:\/\/www.eclidea.fr\/#organization","name":"Eclidea","url":"http:\/\/www.eclidea.fr\/","logo":{"@type":"ImageObject","inLanguage":"fr-FR","@id":"http:\/\/www.eclidea.fr\/#\/schema\/logo\/image\/","url":"https:\/\/www.eclidea.fr\/wp-content\/uploads\/2025\/02\/LogoEclidea-Web.gif","contentUrl":"https:\/\/www.eclidea.fr\/wp-content\/uploads\/2025\/02\/LogoEclidea-Web.gif","width":654,"height":274,"caption":"Eclidea"},"image":{"@id":"http:\/\/www.eclidea.fr\/#\/schema\/logo\/image\/"}}]}},"_links":{"self":[{"href":"https:\/\/www.eclidea.fr\/index.php?rest_route=\/wp\/v2\/pages\/278","targetHints":{"allow":["GET"]}}],"collection":[{"href":"https:\/\/www.eclidea.fr\/index.php?rest_route=\/wp\/v2\/pages"}],"about":[{"href":"https:\/\/www.eclidea.fr\/index.php?rest_route=\/wp\/v2\/types\/page"}],"author":[{"embeddable":true,"href":"https:\/\/www.eclidea.fr\/index.php?rest_route=\/wp\/v2\/users\/1"}],"replies":[{"embeddable":true,"href":"https:\/\/www.eclidea.fr\/index.php?rest_route=%2Fwp%2Fv2%2Fcomments&post=278"}],"version-history":[{"count":23,"href":"https:\/\/www.eclidea.fr\/index.php?rest_route=\/wp\/v2\/pages\/278\/revisions"}],"predecessor-version":[{"id":744,"href":"https:\/\/www.eclidea.fr\/index.php?rest_route=\/wp\/v2\/pages\/278\/revisions\/744"}],"wp:attachment":[{"href":"https:\/\/www.eclidea.fr\/index.php?rest_route=%2Fwp%2Fv2%2Fmedia&parent=278"}],"curies":[{"name":"wp","href":"https:\/\/api.w.org\/{rel}","templated":true}]}}