{"id":131,"date":"2025-02-06T16:01:54","date_gmt":"2025-02-06T15:01:54","guid":{"rendered":"https:\/\/www.eclidea.fr\/?page_id=131"},"modified":"2025-12-18T13:03:04","modified_gmt":"2025-12-18T12:03:04","slug":"a-propos","status":"publish","type":"page","link":"https:\/\/www.eclidea.fr\/?page_id=131","title":{"rendered":"A propos"},"content":{"rendered":"\n<div class=\"wp-block-group alignwide is-style-section-1 has-global-padding is-layout-constrained wp-container-core-group-is-layout-fc3172a5 wp-block-group-is-layout-constrained is-style-section-1--1\" style=\"min-height:0vh;margin-top:0;margin-bottom:0;padding-top:var(--wp--preset--spacing--40);padding-right:var(--wp--preset--spacing--40);padding-bottom:var(--wp--preset--spacing--40);padding-left:var(--wp--preset--spacing--40)\">\n<div class=\"wp-block-columns alignwide are-vertically-aligned-center is-layout-flex wp-container-core-columns-is-layout-08c01c1c wp-block-columns-is-layout-flex\">\n<div class=\"wp-block-column is-vertically-aligned-center is-layout-flow wp-block-column-is-layout-flow\">\n<h2 class=\"wp-block-heading has-text-align-left\">Qui suis-je ?<\/h2>\n\n\n\n<figure class=\"wp-block-image aligncenter size-full has-custom-border\"><img loading=\"lazy\" decoding=\"async\" width=\"1920\" height=\"1920\" src=\"https:\/\/www.eclidea.fr\/wp-content\/uploads\/2025\/02\/moi.jpg\" alt=\"A propos : Carine MORIN-BATUT et son bin\u00f4me canin.\" class=\"wp-image-596\" style=\"border-top-left-radius:150px;border-bottom-right-radius:150px;object-fit:cover\"\/><\/figure>\n<\/div>\n\n\n\n<div class=\"wp-block-column is-vertically-aligned-center is-layout-flow wp-block-column-is-layout-flow\">\n<div class=\"wp-block-group is-vertical is-content-justification-stretch is-layout-flex wp-container-core-group-is-layout-353c4f5a wp-block-group-is-layout-flex\">\n<div class=\"wp-block-group has-global-padding is-layout-constrained wp-block-group-is-layout-constrained\">\n<p class=\"has-accent-3-color has-text-color has-link-color has-medium-font-size wp-elements-6dc007bacb849e7cf0d7985d7ce98a3b\">Je suis Carine MORIN-BATUT<\/p>\n\n\n\n<ul class=\"wp-block-list has-contrast-color has-text-color has-link-color has-medium-font-size wp-elements-7976299b08e7d2da03f4be45b407929a\">\n<li>40% consultante ind\u00e9pendante <\/li>\n\n\n\n<li>50% maman de 2 ados<\/li>\n\n\n\n<li>30% humaine d&rsquo;un chien et de deux poules<\/li>\n<\/ul>\n\n\n\n<p class=\"has-accent-3-color has-text-color has-link-color has-medium-font-size wp-elements-3a0e1e4c7df28f4917b596cc25c7545a\">Ah bon, \u00e7a fait plus de 100 % ?<\/p>\n<\/div>\n\n\n\n<blockquote class=\"wp-block-quote is-layout-flow wp-block-quote-is-layout-flow\">\n<p class=\"has-accent-2-color has-text-color has-link-color has-manrope-font-family wp-elements-5e0abb224db4b0a4a9935b678b896399\" style=\"font-size:clamp(0.984rem, 0.984rem + ((1vw - 0.2rem) * 0.809), 1.5rem);\"><strong>Jouer, s\u2019amuser, faire des pas de c\u00f4t\u00e9, \u00eatre o\u00f9 l\u2019on ne m&rsquo;attend pas, cr\u00e9er, susciter de l\u2019\u00e9motion, de l\u2019\u00e9tonnement, cr\u00e9er du lien, mettre en mouvement, \u00eatre utile.<\/strong><\/p>\n<\/blockquote>\n\n\n\n<ul class=\"wp-block-social-links has-icon-color is-style-logos-only is-layout-flex wp-block-social-links-is-layout-flex\"><li style=\"color:currentColor;\" class=\"wp-social-link wp-social-link-linkedin has-currentColor-color wp-block-social-link\"><a href=\"https:\/\/www.linkedin.com\/in\/carine-morin-batut-1414788b\/\" class=\"wp-block-social-link-anchor\"><svg width=\"24\" height=\"24\" viewBox=\"0 0 24 24\" version=\"1.1\" xmlns=\"http:\/\/www.w3.org\/2000\/svg\" aria-hidden=\"true\" focusable=\"false\"><path d=\"M19.7,3H4.3C3.582,3,3,3.582,3,4.3v15.4C3,20.418,3.582,21,4.3,21h15.4c0.718,0,1.3-0.582,1.3-1.3V4.3 C21,3.582,20.418,3,19.7,3z M8.339,18.338H5.667v-8.59h2.672V18.338z M7.004,8.574c-0.857,0-1.549-0.694-1.549-1.548 c0-0.855,0.691-1.548,1.549-1.548c0.854,0,1.547,0.694,1.547,1.548C8.551,7.881,7.858,8.574,7.004,8.574z M18.339,18.338h-2.669 v-4.177c0-0.996-0.017-2.278-1.387-2.278c-1.389,0-1.601,1.086-1.601,2.206v4.249h-2.667v-8.59h2.559v1.174h0.037 c0.356-0.675,1.227-1.387,2.526-1.387c2.703,0,3.203,1.779,3.203,4.092V18.338z\"><\/path><\/svg><span class=\"wp-block-social-link-label screen-reader-text\">LinkedIn<\/span><\/a><\/li>\n\n<li style=\"color:currentColor;\" class=\"wp-social-link wp-social-link-mail has-currentColor-color wp-block-social-link\"><a href=\"mailto:carine.morin-batut@eclidea.fr\" class=\"wp-block-social-link-anchor\"><svg width=\"24\" height=\"24\" viewBox=\"0 0 24 24\" version=\"1.1\" xmlns=\"http:\/\/www.w3.org\/2000\/svg\" aria-hidden=\"true\" focusable=\"false\"><path d=\"M19,5H5c-1.1,0-2,.9-2,2v10c0,1.1.9,2,2,2h14c1.1,0,2-.9,2-2V7c0-1.1-.9-2-2-2zm.5,12c0,.3-.2.5-.5.5H5c-.3,0-.5-.2-.5-.5V9.8l7.5,5.6,7.5-5.6V17zm0-9.1L12,13.6,4.5,7.9V7c0-.3.2-.5.5-.5h14c.3,0,.5.2.5.5v.9z\"><\/path><\/svg><span class=\"wp-block-social-link-label screen-reader-text\">E-mail<\/span><\/a><\/li><\/ul>\n<\/div>\n<\/div>\n<\/div>\n<\/div>\n\n\n\n<div class=\"wp-block-group alignwide is-style-section-3 has-base-background-color has-background has-global-padding is-layout-constrained wp-container-core-group-is-layout-c385debf wp-block-group-is-layout-constrained is-style-section-3--2\" style=\"padding-top:var(--wp--preset--spacing--20);padding-right:var(--wp--preset--spacing--20);padding-bottom:var(--wp--preset--spacing--20);padding-left:var(--wp--preset--spacing--20)\">\n<h2 class=\"wp-block-heading alignwide has-custom-bleu-color has-text-color has-link-color has-xx-large-font-size wp-elements-0ab4bb68552af86dbe9ae38ba0da9d13\">A propos du parcours de Carine &#8230;<\/h2>\n\n\n\n<h2 class=\"wp-block-heading has-text-align-center has-large-font-size\">Consultante, depuis 2019<\/h2>\n\n\n\n<div class=\"wp-block-columns alignwide is-layout-flex wp-container-core-columns-is-layout-714d85e9 wp-block-columns-is-layout-flex\">\n<div class=\"wp-block-column is-style-section-1 has-border-color has-small-font-size is-layout-flow wp-container-core-column-is-layout-aaba711d wp-block-column-is-layout-flow is-style-section-1--3\" style=\"border-color:var(--wp--preset--color--accent-6);border-width:1px;border-radius:10px;padding-top:var(--wp--preset--spacing--20);padding-right:var(--wp--preset--spacing--30);padding-bottom:var(--wp--preset--spacing--20);padding-left:var(--wp--preset--spacing--30)\">\n<p class=\"has-small-font-size\"><br>5 ann\u00e9es \u00e0 la direction g\u00e9n\u00e9rale d\u2019une association nationale, centenaire et moderne<\/p>\n\n\n\n<p class=\"has-small-font-size\">14 ann\u00e9es \u00e0 \u00e9voluer dans le secteur de l\u2019ing\u00e9nierie<\/p>\n\n\n\n<p class=\"has-small-font-size\">25 ann\u00e9es dans le domaine de l&rsquo;eau et des d\u00e9chets<\/p>\n<\/div>\n\n\n\n<div class=\"wp-block-column is-style-section-1 has-border-color has-small-font-size is-layout-flow wp-container-core-column-is-layout-aaba711d wp-block-column-is-layout-flow is-style-section-1--4\" style=\"border-color:var(--wp--preset--color--accent-6);border-width:1px;border-radius:10px;padding-top:var(--wp--preset--spacing--20);padding-right:var(--wp--preset--spacing--30);padding-bottom:var(--wp--preset--spacing--20);padding-left:var(--wp--preset--spacing--30)\">\n<p class=\"has-text-align-center has-small-font-size\"><br>Facilitation en intelligence collective<\/p>\n\n\n\n<p class=\"has-text-align-center has-small-font-size\">Motivation des hommes et femmes <\/p>\n\n\n\n<p class=\"has-text-align-center has-small-font-size\">Animations de consensus <br>et co-construction de projets<\/p>\n<\/div>\n\n\n\n<div class=\"wp-block-column is-style-section-1 has-border-color has-small-font-size is-layout-flow wp-container-core-column-is-layout-aaba711d wp-block-column-is-layout-flow is-style-section-1--5\" style=\"border-color:var(--wp--preset--color--accent-6);border-width:1px;border-radius:10px;padding-top:var(--wp--preset--spacing--20);padding-right:var(--wp--preset--spacing--30);padding-bottom:var(--wp--preset--spacing--20);padding-left:var(--wp--preset--spacing--30)\">\n<p class=\"has-text-align-center has-small-font-size\">D\u00e9veloppement R\u00e9g\u00e9n\u00e9ratif<\/p>\n\n\n\n<p class=\"has-text-align-center has-small-font-size\">Int\u00e9r\u00eat g\u00e9n\u00e9ral<\/p>\n\n\n\n<p class=\"has-text-align-center has-small-font-size\">Animations de r\u00e9seaux<\/p>\n\n\n\n<p class=\"has-text-align-center has-small-font-size\">Connaissance des acteurs de l&rsquo;eau et des d\u00e9chets<\/p>\n\n\n\n<p class=\"has-text-align-center has-small-font-size\">Accompagnement au changement<\/p>\n<\/div>\n<\/div>\n<\/div>\n\n\n\n<div class=\"wp-block-group alignwide is-style-section-1 has-base-background-color has-background has-global-padding is-layout-constrained wp-container-core-group-is-layout-e6176e53 wp-block-group-is-layout-constrained is-style-section-1--6\" style=\"margin-top:0;margin-bottom:0;padding-top:var(--wp--preset--spacing--40);padding-right:var(--wp--preset--spacing--40);padding-bottom:var(--wp--preset--spacing--40);padding-left:var(--wp--preset--spacing--40)\">\n<h2 class=\"wp-block-heading has-text-align-center has-large-font-size\">Certifications compl\u00e9mentaires<\/h2>\n\n\n\n<div class=\"wp-block-group alignwide is-layout-grid wp-container-core-group-is-layout-1ce758a5 wp-block-group-is-layout-grid\">\n<figure class=\"wp-block-image size-full\"><img decoding=\"async\" src=\"https:\/\/www.eclidea.fr\/wp-content\/uploads\/2025\/02\/Certificat-Confirme-Carine-MORIN-BATUT.jpg\" alt=\"Certifications compl\u00e9mentaires ; certificat de l'universit\u00e9 du facteur humain\" class=\"wp-image-151\"\/><\/figure>\n\n\n\n<figure class=\"wp-block-image size-full\"><img loading=\"lazy\" decoding=\"async\" width=\"2342\" height=\"1656\" src=\"https:\/\/www.eclidea.fr\/wp-content\/uploads\/2025\/02\/diploma-cert_C3D.jpg\" alt=\"Certifications compl\u00e9mentaires ; certificat C3D\" class=\"wp-image-152\"\/><\/figure>\n\n\n\n<figure class=\"wp-block-image size-full wp-container-content-98e6c26e\"><img loading=\"lazy\" decoding=\"async\" width=\"1645\" height=\"1153\" src=\"http:\/\/www.eclidea.fr\/wp-content\/uploads\/2025\/12\/20251101-DRP-Diplome-1.png\" alt=\"\" class=\"wp-image-931\" style=\"object-fit:cover\" srcset=\"https:\/\/www.eclidea.fr\/wp-content\/uploads\/2025\/12\/20251101-DRP-Diplome-1.png 1645w, https:\/\/www.eclidea.fr\/wp-content\/uploads\/2025\/12\/20251101-DRP-Diplome-1-300x210.png 300w, https:\/\/www.eclidea.fr\/wp-content\/uploads\/2025\/12\/20251101-DRP-Diplome-1-1024x718.png 1024w, https:\/\/www.eclidea.fr\/wp-content\/uploads\/2025\/12\/20251101-DRP-Diplome-1-768x538.png 768w, https:\/\/www.eclidea.fr\/wp-content\/uploads\/2025\/12\/20251101-DRP-Diplome-1-1536x1077.png 1536w\" sizes=\"auto, (max-width: 1645px) 100vw, 1645px\" \/><\/figure>\n<\/div>\n<\/div>\n\n\n\n<div class=\"wp-block-group alignwide is-style-section-2 has-global-padding is-layout-constrained wp-container-core-group-is-layout-b9940f7e wp-block-group-is-layout-constrained is-style-section-2--7\" style=\"margin-top:0;margin-bottom:0;padding-top:var(--wp--preset--spacing--50);padding-right:var(--wp--preset--spacing--40);padding-bottom:var(--wp--preset--spacing--50);padding-left:var(--wp--preset--spacing--40)\">\n<div class=\"wp-block-columns alignwide is-layout-flex wp-container-core-columns-is-layout-643ced6b wp-block-columns-is-layout-flex\">\n<div class=\"wp-block-column is-layout-flow wp-block-column-is-layout-flow\" style=\"flex-basis:40%\">\n<figure class=\"wp-block-image size-full\"><img loading=\"lazy\" decoding=\"async\" width=\"1920\" height=\"1920\" src=\"https:\/\/www.eclidea.fr\/wp-content\/uploads\/2025\/02\/DessinEclidea2.png\" alt=\"A propos : d'Eclid\u00e9a\" class=\"wp-image-570\"\/><\/figure>\n<\/div>\n\n\n\n<div class=\"wp-block-column is-vertically-aligned-center is-layout-flow wp-container-core-column-is-layout-119bc444 wp-block-column-is-layout-flow\" style=\"flex-basis:60%\">\n<h2 class=\"wp-block-heading has-xx-large-font-size\">A propos d&rsquo;Eclid\u00e9a ?<\/h2>\n\n\n\n<p class=\"is-style-default has-accent-3-color has-text-color has-link-color wp-elements-5746cef9b46483bcb7a68428bc77393d\">Eclid\u00e9a est n\u00e9e en 2019. Une seule personne, sa fondatrice et dirigeante se cache derri\u00e8re ce nom.<br>L&rsquo;humain est au centre de ses interventions, en solo ou en partenariat.<\/p>\n\n\n\n<blockquote class=\"wp-block-quote is-style-default is-layout-flow wp-block-quote-is-layout-flow\">\n<p class=\"has-accent-1-color has-text-color has-link-color has-medium-font-size wp-elements-0ef9d4277bdb9ec29a00bd2ac72abeb3\"><strong>En m\u00ealant, \u00e9coute, cr\u00e9ativit\u00e9 et dynamique participative, Eclid\u00e9a aide \u00e0 faire \u00e9clore les id\u00e9es, les projets, les \u00e9quipes pour la prise en compte des enjeux climatiques et biodiversit\u00e9 dans une logique One Health.<\/strong><\/p>\n<\/blockquote>\n\n\n\n<div class=\"wp-block-group is-vertical is-content-justification-right is-layout-flex wp-container-core-group-is-layout-0d3665a3 wp-block-group-is-layout-flex\">\n<div class=\"wp-block-group is-layout-flex wp-block-group-is-layout-flex\">\n<div class=\"wp-block-file\"><a id=\"wp-block-file--media-ffcd22fb-aafc-4bd1-bfeb-5198003dca60\" href=\"https:\/\/www.eclidea.fr\/wp-content\/uploads\/2025\/12\/RapportActivite-Eclidea-2025.pdf\" target=\"_blank\" rel=\"noreferrer noopener\">RapportActivite-Eclidea-2025<\/a><\/div>\n\n\n\n<div class=\"wp-block-file\"><a id=\"wp-block-file--media-a4614d2a-f4cf-48a5-93b6-3f9b528d66cd\" href=\"https:\/\/www.eclidea.fr\/?attachment_id=166\" target=\"_blank\" rel=\"noreferrer noopener\">RapportActivite-Eclidea-2024<\/a><\/div>\n\n\n\n<div class=\"wp-block-file\"><a id=\"wp-block-file--media-345098d7-e82a-4fa7-9d73-3d4874930782\" href=\"https:\/\/www.eclidea.fr\/wp-content\/uploads\/2025\/02\/RapportActivite-Eclidea-2023.pdf\" target=\"_blank\" rel=\"noreferrer noopener\">RapportActivite-Eclidea-2023<\/a><\/div>\n<\/div>\n<\/div>\n<\/div>\n<\/div>\n<\/div>\n\n\n\n<div class=\"wp-block-group alignfull is-style-section-5 is-layout-flow wp-block-group-is-layout-flow is-style-section-5--8\" style=\"margin-top:0;margin-bottom:0;padding-top:var(--wp--preset--spacing--50);padding-bottom:var(--wp--preset--spacing--50)\">\n<div class=\"wp-block-columns alignwide is-layout-flex wp-container-core-columns-is-layout-c3de96e0 wp-block-columns-is-layout-flex\" style=\"padding-right:var(--wp--preset--spacing--40);padding-left:var(--wp--preset--spacing--40)\">\n<div class=\"wp-block-column is-vertically-aligned-center is-layout-flow wp-container-core-column-is-layout-bafa4c54 wp-block-column-is-layout-flow\" style=\"padding-right:var(--wp--preset--spacing--50);padding-left:var(--wp--preset--spacing--50);flex-basis:45%\">\n<figure class=\"wp-block-image size-full\"><img loading=\"lazy\" decoding=\"async\" width=\"640\" height=\"640\" src=\"https:\/\/www.eclidea.fr\/wp-content\/uploads\/2025\/02\/Ecotone.jpg\" alt=\"A propos : un \u00e9cotone\" class=\"wp-image-619\" style=\"aspect-ratio:4\/3;object-fit:cover\"\/><\/figure>\n<\/div>\n\n\n\n<div class=\"wp-block-column is-vertically-aligned-center is-layout-flow wp-container-core-column-is-layout-bef585f2 wp-block-column-is-layout-flow\" style=\"padding-right:var(--wp--preset--spacing--40);padding-left:var(--wp--preset--spacing--40);flex-basis:55%\">\n<p class=\"is-style-text-subtitle has-accent-1-color has-custom-bleu-background-color has-text-color has-background has-link-color wp-elements-a4cb3efabb11d197336a558c8c122dc1 is-style-text-subtitle--9\" style=\"font-size:clamp(0.929rem, 0.929rem + ((1vw - 0.2rem) * 0.739), 1.4rem);\">Etre clos et rester ouvert<\/p>\n\n\n\n<p class=\"is-style-text-display has-contrast-color has-accent-1-background-color has-text-color has-background has-link-color has-medium-font-size wp-elements-b49310fc7816f615bcaf1cdecfbd0b82 is-style-text-display--10\">Les fronti\u00e8res et limites du vivant n\u2019emp\u00eachent pas la communication et les changements de mati\u00e8res et d\u2019\u00e9nergies entre les esp\u00e8ces. Ce sont d\u2019ailleurs souvent aux fronti\u00e8res des \u00e9cosyst\u00e8mes (les \u00e9cotones) que l\u2019on observe les plus grandes diversit\u00e9s d\u2019esp\u00e8ces.<\/p>\n\n\n\n<blockquote class=\"wp-block-quote is-layout-flow wp-block-quote-is-layout-flow\">\n<p class=\"has-medium-font-size\">L\u2019\u00e9cosyst\u00e8me d\u2019Eclid\u00e9a est un \u00e9cotone, c&rsquo;est  une zone de transition entre plusieurs \u00e9cosyst\u00e8mes.<\/p>\n<\/blockquote>\n<\/div>\n<\/div>\n\n\n\n<p style=\"margin-right:var(--wp--preset--spacing--60);margin-left:var(--wp--preset--spacing--60);font-size:0.7rem\"><em><a href=\"https:\/\/www.eclidea.fr\/?page_id=2\" data-type=\"page\" data-id=\"2\" target=\"_blank\" rel=\"noreferrer noopener\">Eclid\u00e9a puise sa robustesse et exprime sa valeur dans les principes du vivant<\/a><\/em><\/p>\n<\/div>\n","protected":false},"excerpt":{"rendered":"<p>Qui suis-je ? Je suis Carine MORIN-BATUT Ah bon, \u00e7a fait plus de 100 % ? Jouer, s\u2019amuser, faire des pas de c\u00f4t\u00e9, \u00eatre o\u00f9 l\u2019on ne m&rsquo;attend pas, cr\u00e9er, susciter de l\u2019\u00e9motion, de l\u2019\u00e9tonnement, cr\u00e9er du lien, mettre en mouvement, \u00eatre utile. A propos du parcours de Carine &#8230; Consultante, depuis 2019 5 ann\u00e9es [&hellip;]<\/p>\n","protected":false},"author":1,"featured_media":0,"parent":0,"menu_order":0,"comment_status":"closed","ping_status":"closed","template":"","meta":{"footnotes":""},"class_list":["post-131","page","type-page","status-publish","hentry"],"yoast_head":"<!-- This site is optimized with the Yoast SEO plugin v27.4 - https:\/\/yoast.com\/product\/yoast-seo-wordpress\/ -->\n<title>A propos - Eclidea<\/title>\n<meta name=\"description\" content=\"A propos : D\u00e9couvrez Carine MORIN-BATUT et Eclid\u00e9a : son parcours, la gen\u00e8se, les derni\u00e8res certifications, les valeurs port\u00e9es...\" \/>\n<meta name=\"robots\" content=\"index, follow, max-snippet:-1, max-image-preview:large, max-video-preview:-1\" \/>\n<link rel=\"canonical\" href=\"https:\/\/www.eclidea.fr\/?page_id=131\" \/>\n<meta property=\"og:locale\" content=\"fr_FR\" \/>\n<meta property=\"og:type\" content=\"article\" \/>\n<meta property=\"og:title\" content=\"A propos - Eclidea\" \/>\n<meta property=\"og:description\" content=\"A propos : D\u00e9couvrez Carine MORIN-BATUT et Eclid\u00e9a : son parcours, la gen\u00e8se, les derni\u00e8res certifications, les valeurs port\u00e9es...\" \/>\n<meta property=\"og:url\" content=\"https:\/\/www.eclidea.fr\/?page_id=131\" \/>\n<meta property=\"og:site_name\" content=\"Eclidea\" \/>\n<meta property=\"article:modified_time\" content=\"2025-12-18T12:03:04+00:00\" \/>\n<meta property=\"og:image\" content=\"https:\/\/www.eclidea.fr\/wp-content\/uploads\/2025\/02\/moi.jpg\" \/>\n<meta name=\"twitter:card\" content=\"summary_large_image\" \/>\n<meta name=\"twitter:label1\" content=\"Dur\u00e9e de lecture estim\u00e9e\" \/>\n\t<meta name=\"twitter:data1\" content=\"3 minutes\" \/>\n<script type=\"application\/ld+json\" class=\"yoast-schema-graph\">{\"@context\":\"https:\\\/\\\/schema.org\",\"@graph\":[{\"@type\":\"WebPage\",\"@id\":\"https:\\\/\\\/www.eclidea.fr\\\/?page_id=131\",\"url\":\"https:\\\/\\\/www.eclidea.fr\\\/?page_id=131\",\"name\":\"A propos - Eclidea\",\"isPartOf\":{\"@id\":\"http:\\\/\\\/www.eclidea.fr\\\/#website\"},\"primaryImageOfPage\":{\"@id\":\"https:\\\/\\\/www.eclidea.fr\\\/?page_id=131#primaryimage\"},\"image\":{\"@id\":\"https:\\\/\\\/www.eclidea.fr\\\/?page_id=131#primaryimage\"},\"thumbnailUrl\":\"https:\\\/\\\/www.eclidea.fr\\\/wp-content\\\/uploads\\\/2025\\\/02\\\/moi.jpg\",\"datePublished\":\"2025-02-06T15:01:54+00:00\",\"dateModified\":\"2025-12-18T12:03:04+00:00\",\"description\":\"A propos : D\u00e9couvrez Carine MORIN-BATUT et Eclid\u00e9a : son parcours, la gen\u00e8se, les derni\u00e8res certifications, les valeurs port\u00e9es...\",\"breadcrumb\":{\"@id\":\"https:\\\/\\\/www.eclidea.fr\\\/?page_id=131#breadcrumb\"},\"inLanguage\":\"fr-FR\",\"potentialAction\":[{\"@type\":\"ReadAction\",\"target\":[\"https:\\\/\\\/www.eclidea.fr\\\/?page_id=131\"]}]},{\"@type\":\"ImageObject\",\"inLanguage\":\"fr-FR\",\"@id\":\"https:\\\/\\\/www.eclidea.fr\\\/?page_id=131#primaryimage\",\"url\":\"https:\\\/\\\/www.eclidea.fr\\\/wp-content\\\/uploads\\\/2025\\\/02\\\/moi.jpg\",\"contentUrl\":\"https:\\\/\\\/www.eclidea.fr\\\/wp-content\\\/uploads\\\/2025\\\/02\\\/moi.jpg\",\"width\":1920,\"height\":1920},{\"@type\":\"BreadcrumbList\",\"@id\":\"https:\\\/\\\/www.eclidea.fr\\\/?page_id=131#breadcrumb\",\"itemListElement\":[{\"@type\":\"ListItem\",\"position\":1,\"name\":\"Home\",\"item\":\"http:\\\/\\\/www.eclidea.fr\\\/\"},{\"@type\":\"ListItem\",\"position\":2,\"name\":\"A propos\"}]},{\"@type\":\"WebSite\",\"@id\":\"http:\\\/\\\/www.eclidea.fr\\\/#website\",\"url\":\"http:\\\/\\\/www.eclidea.fr\\\/\",\"name\":\"Eclidea\",\"description\":\"Pour faire \u00e9clore les id\u00e9es\",\"publisher\":{\"@id\":\"http:\\\/\\\/www.eclidea.fr\\\/#organization\"},\"potentialAction\":[{\"@type\":\"SearchAction\",\"target\":{\"@type\":\"EntryPoint\",\"urlTemplate\":\"http:\\\/\\\/www.eclidea.fr\\\/?s={search_term_string}\"},\"query-input\":{\"@type\":\"PropertyValueSpecification\",\"valueRequired\":true,\"valueName\":\"search_term_string\"}}],\"inLanguage\":\"fr-FR\"},{\"@type\":\"Organization\",\"@id\":\"http:\\\/\\\/www.eclidea.fr\\\/#organization\",\"name\":\"Eclidea\",\"url\":\"http:\\\/\\\/www.eclidea.fr\\\/\",\"logo\":{\"@type\":\"ImageObject\",\"inLanguage\":\"fr-FR\",\"@id\":\"http:\\\/\\\/www.eclidea.fr\\\/#\\\/schema\\\/logo\\\/image\\\/\",\"url\":\"https:\\\/\\\/www.eclidea.fr\\\/wp-content\\\/uploads\\\/2025\\\/02\\\/LogoEclidea-Web.gif\",\"contentUrl\":\"https:\\\/\\\/www.eclidea.fr\\\/wp-content\\\/uploads\\\/2025\\\/02\\\/LogoEclidea-Web.gif\",\"width\":654,\"height\":274,\"caption\":\"Eclidea\"},\"image\":{\"@id\":\"http:\\\/\\\/www.eclidea.fr\\\/#\\\/schema\\\/logo\\\/image\\\/\"}}]}<\/script>\n<!-- \/ Yoast SEO plugin. -->","yoast_head_json":{"title":"A propos - Eclidea","description":"A propos : D\u00e9couvrez Carine MORIN-BATUT et Eclid\u00e9a : son parcours, la gen\u00e8se, les derni\u00e8res certifications, les valeurs port\u00e9es...","robots":{"index":"index","follow":"follow","max-snippet":"max-snippet:-1","max-image-preview":"max-image-preview:large","max-video-preview":"max-video-preview:-1"},"canonical":"https:\/\/www.eclidea.fr\/?page_id=131","og_locale":"fr_FR","og_type":"article","og_title":"A propos - Eclidea","og_description":"A propos : D\u00e9couvrez Carine MORIN-BATUT et Eclid\u00e9a : son parcours, la gen\u00e8se, les derni\u00e8res certifications, les valeurs port\u00e9es...","og_url":"https:\/\/www.eclidea.fr\/?page_id=131","og_site_name":"Eclidea","article_modified_time":"2025-12-18T12:03:04+00:00","og_image":[{"url":"https:\/\/www.eclidea.fr\/wp-content\/uploads\/2025\/02\/moi.jpg","type":"","width":"","height":""}],"twitter_card":"summary_large_image","twitter_misc":{"Dur\u00e9e de lecture estim\u00e9e":"3 minutes"},"schema":{"@context":"https:\/\/schema.org","@graph":[{"@type":"WebPage","@id":"https:\/\/www.eclidea.fr\/?page_id=131","url":"https:\/\/www.eclidea.fr\/?page_id=131","name":"A propos - Eclidea","isPartOf":{"@id":"http:\/\/www.eclidea.fr\/#website"},"primaryImageOfPage":{"@id":"https:\/\/www.eclidea.fr\/?page_id=131#primaryimage"},"image":{"@id":"https:\/\/www.eclidea.fr\/?page_id=131#primaryimage"},"thumbnailUrl":"https:\/\/www.eclidea.fr\/wp-content\/uploads\/2025\/02\/moi.jpg","datePublished":"2025-02-06T15:01:54+00:00","dateModified":"2025-12-18T12:03:04+00:00","description":"A propos : D\u00e9couvrez Carine MORIN-BATUT et Eclid\u00e9a : son parcours, la gen\u00e8se, les derni\u00e8res certifications, les valeurs port\u00e9es...","breadcrumb":{"@id":"https:\/\/www.eclidea.fr\/?page_id=131#breadcrumb"},"inLanguage":"fr-FR","potentialAction":[{"@type":"ReadAction","target":["https:\/\/www.eclidea.fr\/?page_id=131"]}]},{"@type":"ImageObject","inLanguage":"fr-FR","@id":"https:\/\/www.eclidea.fr\/?page_id=131#primaryimage","url":"https:\/\/www.eclidea.fr\/wp-content\/uploads\/2025\/02\/moi.jpg","contentUrl":"https:\/\/www.eclidea.fr\/wp-content\/uploads\/2025\/02\/moi.jpg","width":1920,"height":1920},{"@type":"BreadcrumbList","@id":"https:\/\/www.eclidea.fr\/?page_id=131#breadcrumb","itemListElement":[{"@type":"ListItem","position":1,"name":"Home","item":"http:\/\/www.eclidea.fr\/"},{"@type":"ListItem","position":2,"name":"A propos"}]},{"@type":"WebSite","@id":"http:\/\/www.eclidea.fr\/#website","url":"http:\/\/www.eclidea.fr\/","name":"Eclidea","description":"Pour faire \u00e9clore les id\u00e9es","publisher":{"@id":"http:\/\/www.eclidea.fr\/#organization"},"potentialAction":[{"@type":"SearchAction","target":{"@type":"EntryPoint","urlTemplate":"http:\/\/www.eclidea.fr\/?s={search_term_string}"},"query-input":{"@type":"PropertyValueSpecification","valueRequired":true,"valueName":"search_term_string"}}],"inLanguage":"fr-FR"},{"@type":"Organization","@id":"http:\/\/www.eclidea.fr\/#organization","name":"Eclidea","url":"http:\/\/www.eclidea.fr\/","logo":{"@type":"ImageObject","inLanguage":"fr-FR","@id":"http:\/\/www.eclidea.fr\/#\/schema\/logo\/image\/","url":"https:\/\/www.eclidea.fr\/wp-content\/uploads\/2025\/02\/LogoEclidea-Web.gif","contentUrl":"https:\/\/www.eclidea.fr\/wp-content\/uploads\/2025\/02\/LogoEclidea-Web.gif","width":654,"height":274,"caption":"Eclidea"},"image":{"@id":"http:\/\/www.eclidea.fr\/#\/schema\/logo\/image\/"}}]}},"_links":{"self":[{"href":"https:\/\/www.eclidea.fr\/index.php?rest_route=\/wp\/v2\/pages\/131","targetHints":{"allow":["GET"]}}],"collection":[{"href":"https:\/\/www.eclidea.fr\/index.php?rest_route=\/wp\/v2\/pages"}],"about":[{"href":"https:\/\/www.eclidea.fr\/index.php?rest_route=\/wp\/v2\/types\/page"}],"author":[{"embeddable":true,"href":"https:\/\/www.eclidea.fr\/index.php?rest_route=\/wp\/v2\/users\/1"}],"replies":[{"embeddable":true,"href":"https:\/\/www.eclidea.fr\/index.php?rest_route=%2Fwp%2Fv2%2Fcomments&post=131"}],"version-history":[{"count":56,"href":"https:\/\/www.eclidea.fr\/index.php?rest_route=\/wp\/v2\/pages\/131\/revisions"}],"predecessor-version":[{"id":935,"href":"https:\/\/www.eclidea.fr\/index.php?rest_route=\/wp\/v2\/pages\/131\/revisions\/935"}],"wp:attachment":[{"href":"https:\/\/www.eclidea.fr\/index.php?rest_route=%2Fwp%2Fv2%2Fmedia&parent=131"}],"curies":[{"name":"wp","href":"https:\/\/api.w.org\/{rel}","templated":true}]}}